{"id":814,"date":"2014-05-12T11:46:33","date_gmt":"2014-05-12T11:46:33","guid":{"rendered":"https:\/\/demo.olivegrove.gr\/?page_id=814"},"modified":"2019-06-27T10:26:27","modified_gmt":"2019-06-27T07:26:27","slug":"page-daccueil","status":"publish","type":"page","link":"https:\/\/www.olivegrove.gr\/fr\/","title":{"rendered":"Page d&rsquo;accueil"},"content":{"rendered":"<p>[et_pb_section bb_built=\u00a0\u00bb1&Prime; admin_label=\u00a0\u00bbsection\u00a0\u00bb fullwidth=\u00a0\u00bbon\u00a0\u00bb background_color=\u00a0\u00bb#ffffff\u00a0\u00bb inner_shadow=\u00a0\u00bboff\u00a0\u00bb parallax=\u00a0\u00bboff\u00a0\u00bb parallax_method=\u00a0\u00bbcss\u00a0\u00bb next_background_color=\u00a0\u00bb#000000&Prime;][et_pb_fullwidth_slider admin_label=\u00a0\u00bbFullwidth Slider\u00a0\u00bb show_arrows=\u00a0\u00bbon\u00a0\u00bb show_pagination=\u00a0\u00bbon\u00a0\u00bb parallax=\u00a0\u00bboff\u00a0\u00bb auto=\u00a0\u00bbon\u00a0\u00bb auto_speed=\u00a0\u00bb7000&Prime; auto_ignore_hover=\u00a0\u00bboff\u00a0\u00bb parallax_method=\u00a0\u00bboff\u00a0\u00bb remove_inner_shadow=\u00a0\u00bboff\u00a0\u00bb background_position=\u00a0\u00bbdefault\u00a0\u00bb background_size=\u00a0\u00bbdefault\u00a0\u00bb hide_content_on_mobile=\u00a0\u00bboff\u00a0\u00bb hide_cta_on_mobile=\u00a0\u00bboff\u00a0\u00bb show_image_video_mobile=\u00a0\u00bboff\u00a0\u00bb custom_button=\u00a0\u00bboff\u00a0\u00bb button_letter_spacing=\u00a0\u00bb0&Prime; button_use_icon=\u00a0\u00bbdefault\u00a0\u00bb button_icon_placement=\u00a0\u00bbright\u00a0\u00bb button_on_hover=\u00a0\u00bbon\u00a0\u00bb button_letter_spacing_hover=\u00a0\u00bb0&Prime; custom_padding=\u00a0\u00bb|||\u00a0\u00bb custom_padding_tablet=\u00a0\u00bb|||\u00a0\u00bb custom_padding_phone=\u00a0\u00bb|||\u00a0\u00bb show_inner_shadow=\u00a0\u00bbon\u00a0\u00bb show_content_on_mobile=\u00a0\u00bbon\u00a0\u00bb show_cta_on_mobile=\u00a0\u00bbon\u00a0\u00bb box_shadow_horizontal=\u00a0\u00bb0px\u00a0\u00bb box_shadow_vertical=\u00a0\u00bb0px\u00a0\u00bb box_shadow_blur=\u00a0\u00bb10px\u00a0\u00bb box_shadow_spread=\u00a0\u00bb0px\u00a0\u00bb box_shadow_position=\u00a0\u00bbinner\u00a0\u00bb box_shadow_color=\u00a0\u00bbrgba(0,0,0,0.1)\u00a0\u00bb box_shadow_style=\u00a0\u00bbpreset6&Prime; button_text_size__hover_enabled=\u00a0\u00bboff\u00a0\u00bb button_text_size__hover=\u00a0\u00bbnull\u00a0\u00bb button_one_text_size__hover_enabled=\u00a0\u00bboff\u00a0\u00bb button_one_text_size__hover=\u00a0\u00bbnull\u00a0\u00bb button_two_text_size__hover_enabled=\u00a0\u00bboff\u00a0\u00bb button_two_text_size__hover=\u00a0\u00bbnull\u00a0\u00bb button_text_color__hover_enabled=\u00a0\u00bboff\u00a0\u00bb button_text_color__hover=\u00a0\u00bbnull\u00a0\u00bb button_one_text_color__hover_enabled=\u00a0\u00bboff\u00a0\u00bb button_one_text_color__hover=\u00a0\u00bbnull\u00a0\u00bb button_two_text_color__hover_enabled=\u00a0\u00bboff\u00a0\u00bb button_two_text_color__hover=\u00a0\u00bbnull\u00a0\u00bb button_border_width__hover_enabled=\u00a0\u00bboff\u00a0\u00bb button_border_width__hover=\u00a0\u00bbnull\u00a0\u00bb button_one_border_width__hover_enabled=\u00a0\u00bboff\u00a0\u00bb button_one_border_width__hover=\u00a0\u00bbnull\u00a0\u00bb button_two_border_width__hover_enabled=\u00a0\u00bboff\u00a0\u00bb button_two_border_width__hover=\u00a0\u00bbnull\u00a0\u00bb button_border_color__hover_enabled=\u00a0\u00bboff\u00a0\u00bb button_border_color__hover=\u00a0\u00bbnull\u00a0\u00bb button_one_border_color__hover_enabled=\u00a0\u00bboff\u00a0\u00bb button_one_border_color__hover=\u00a0\u00bbnull\u00a0\u00bb button_two_border_color__hover_enabled=\u00a0\u00bboff\u00a0\u00bb button_two_border_color__hover=\u00a0\u00bbnull\u00a0\u00bb button_border_radius__hover_enabled=\u00a0\u00bboff\u00a0\u00bb button_border_radius__hover=\u00a0\u00bbnull\u00a0\u00bb button_one_border_radius__hover_enabled=\u00a0\u00bboff\u00a0\u00bb button_one_border_radius__hover=\u00a0\u00bbnull\u00a0\u00bb button_two_border_radius__hover_enabled=\u00a0\u00bboff\u00a0\u00bb button_two_border_radius__hover=\u00a0\u00bbnull\u00a0\u00bb button_letter_spacing__hover_enabled=\u00a0\u00bbon\u00a0\u00bb button_letter_spacing__hover=\u00a0\u00bb0&Prime; button_one_letter_spacing__hover_enabled=\u00a0\u00bboff\u00a0\u00bb button_one_letter_spacing__hover=\u00a0\u00bbnull\u00a0\u00bb button_two_letter_spacing__hover_enabled=\u00a0\u00bboff\u00a0\u00bb button_two_letter_spacing__hover=\u00a0\u00bbnull\u00a0\u00bb button_bg_color__hover_enabled=\u00a0\u00bboff\u00a0\u00bb button_bg_color__hover=\u00a0\u00bbnull\u00a0\u00bb button_one_bg_color__hover_enabled=\u00a0\u00bboff\u00a0\u00bb button_one_bg_color__hover=\u00a0\u00bbnull\u00a0\u00bb button_two_bg_color__hover_enabled=\u00a0\u00bboff\u00a0\u00bb button_two_bg_color__hover=\u00a0\u00bbnull\u00a0\u00bb][et_pb_slide background_color=\u00a0\u00bb#bdcbb5&Prime; alignment=\u00a0\u00bbcenter\u00a0\u00bb background_layout=\u00a0\u00bbdark\u00a0\u00bb background_image=\u00a0\u00bbhttps:\/\/upload.wikimedia.org\/wikipedia\/commons\/a\/ab\/Olives_Melo_PT.jpg\u00a0\u00bb button_text=\u00a0\u00bbLes vari\u00e9t\u00e9s\u00a0\u00bb button_link=\u00a0\u00bbhttps:\/\/www.olivegrove.gr\/fr\/varietes\/\u00a0\u00bb]<\/p>\n<h2><\/h2>\n<p>[\/et_pb_slide][et_pb_slide background_image=\u00a0\u00bbhttps:\/\/www.olivegrove.gr\/wp-content\/uploads\/2014\/04\/olive-tree.jpg\u00a0\u00bb background_color=\u00a0\u00bb#bdcbb5&Prime; alignment=\u00a0\u00bbcenter\u00a0\u00bb background_layout=\u00a0\u00bbdark\u00a0\u00bb button_text=\u00a0\u00bbL\u2019histoire des olives\u00a0\u00bb button_link=\u00a0\u00bb\/fr\/histoire\/\u00a0\u00bb background_position=\u00a0\u00bbtop_center\u00a0\u00bb background_size=\u00a0\u00bbdefault\u00a0\u00bb use_bg_overlay=\u00a0\u00bboff\u00a0\u00bb use_text_overlay=\u00a0\u00bboff\u00a0\u00bb allow_player_pause=\u00a0\u00bboff\u00a0\u00bb text_border_radius=\u00a0\u00bb3&Prime; header_font_select=\u00a0\u00bbdefault\u00a0\u00bb header_font=\u00a0\u00bb||||\u00a0\u00bb body_font_select=\u00a0\u00bbdefault\u00a0\u00bb body_font=\u00a0\u00bb||||\u00a0\u00bb custom_button=\u00a0\u00bboff\u00a0\u00bb button_font_select=\u00a0\u00bbdefault\u00a0\u00bb button_font=\u00a0\u00bb||||\u00a0\u00bb button_use_icon=\u00a0\u00bbdefault\u00a0\u00bb button_icon_placement=\u00a0\u00bbright\u00a0\u00bb button_on_hover=\u00a0\u00bbon\u00a0\u00bb]<\/p>\n<h2><\/h2>\n<p>[\/et_pb_slide][et_pb_slide background_image=\u00a0\u00bb\/wp-content\/uploads\/2014\/04\/Black_olives.jpg\u00a0\u00bb background_color=\u00a0\u00bb#bdcbb5&Prime; alignment=\u00a0\u00bbcenter\u00a0\u00bb background_layout=\u00a0\u00bbdark\u00a0\u00bb button_text=\u00a0\u00bbL&#8217;emballage\u00a0\u00bb button_link=\u00a0\u00bb\/fr\/emballage\/\u00a0\u00bb]<\/p>\n<h2><\/h2>\n<p>[\/et_pb_slide][\/et_pb_fullwidth_slider][\/et_pb_section][et_pb_section bb_built=\u00a0\u00bb1&Prime; admin_label=\u00a0\u00bbsection\u00a0\u00bb prev_background_color=\u00a0\u00bb#000000&Prime; next_background_color=\u00a0\u00bb#bdcbb5&Prime;][et_pb_row admin_label=\u00a0\u00bbrow\u00a0\u00bb background_position=\u00a0\u00bbtop_left\u00a0\u00bb background_repeat=\u00a0\u00bbrepeat\u00a0\u00bb background_size=\u00a0\u00bbinitial\u00a0\u00bb][et_pb_column type=\u00a0\u00bb1_2&Prime;][et_pb_blurb admin_label=\u00a0\u00bb\u0397 \u0395\u03c4\u03b1\u03b9\u03c1\u03af\u03b1\u00a0\u00bb title=\u00a0\u00bbSoci\u00e9t\u00e9\u00a0\u00bb image=\u00a0\u00bb\/wp-content\/uploads\/2014\/04\/factory_blurb.png\u00a0\u00bb animation=\u00a0\u00bboff\u00a0\u00bb text_orientation=\u00a0\u00bbcenter\u00a0\u00bb use_border_color=\u00a0\u00bboff\u00a0\u00bb background_position=\u00a0\u00bbtop_left\u00a0\u00bb background_repeat=\u00a0\u00bbrepeat\u00a0\u00bb background_size=\u00a0\u00bbinitial\u00a0\u00bb _builder_version=\u00a0\u00bb3.19.18&Prime; max_width_tablet=\u00a0\u00bb50px\u00a0\u00bb]<\/p>\n<p>KALAMIDA &amp; CO. \u201cOlive Grove\u201d est une entreprise familiale fond\u00e9e en 1975, qui se concentre dans le commerce et le traitement des olives de table. De la fin de 2015 l\u2019entreprise passe enti\u00e8rement aux mains de Kostantinou Kalamida.<\/p>\n<p>L\u2019objet principal de la soci\u00e9t\u00e9 est le traitement, la transformation et l\u2019emballage des diverses vari\u00e9t\u00e9s d\u2019olives, assurant les plus hautes exigences en mati\u00e8re d\u2019hygi\u00e8ne et des r\u00e9sultats de qualit\u00e9 optimale. En 2016 l\u2019entreprise en continuant sa marche ascendante elle a avanc\u00e9e \u00e0 la fabrication et \u00e0 l\u2019ach\u00e8vement de nouvelles installations de b\u00e2timents 800 t.m.<\/p>\n<p>\u201cOlive grove\u201d est principalement une unit\u00e9 d\u2019exportation\u00a0; en effet, la soci\u00e9t\u00e9 r\u00e9alise plus de 95% de son chiffre d\u2019affaires \u00e0 l\u2019export. Le march\u00e9 de la Scandinavie (Danemark, Su\u00e8de), ainsi que les march\u00e9s de la Belgique, l\u2019Italie, la Serbie, la Bulgarie, l\u2019Australie, les USA et l\u2019Iran repr\u00e9sentent la plus grande partie de ses ventes.<\/p>\n<p>[\/et_pb_blurb][\/et_pb_column][et_pb_column type=\u00a0\u00bb1_2&Prime;][et_pb_blurb admin_label=\u00a0\u00bb\u0397 \u0395\u03bb\u03b9\u03ac\u00a0\u00bb title=\u00a0\u00bbL&rsquo;olivier\u00a0\u00bb url_new_window=\u00a0\u00bboff\u00a0\u00bb image=\u00a0\u00bb\/wp-content\/uploads\/2014\/04\/olive_blurb.png\u00a0\u00bb animation=\u00a0\u00bboff\u00a0\u00bb background_layout=\u00a0\u00bblight\u00a0\u00bb text_orientation=\u00a0\u00bbcenter\u00a0\u00bb use_icon=\u00a0\u00bboff\u00a0\u00bb icon_color=\u00a0\u00bb#aec48f\u00a0\u00bb use_circle=\u00a0\u00bboff\u00a0\u00bb circle_color=\u00a0\u00bb#aec48f\u00a0\u00bb use_circle_border=\u00a0\u00bboff\u00a0\u00bb circle_border_color=\u00a0\u00bb#aec48f\u00a0\u00bb icon_placement=\u00a0\u00bbtop\u00a0\u00bb use_icon_font_size=\u00a0\u00bboff\u00a0\u00bb use_border_color=\u00a0\u00bboff\u00a0\u00bb border_color=\u00a0\u00bb#ffffff\u00a0\u00bb border_style=\u00a0\u00bbsolid\u00a0\u00bb background_position=\u00a0\u00bbtop_left\u00a0\u00bb background_repeat=\u00a0\u00bbrepeat\u00a0\u00bb background_size=\u00a0\u00bbinitial\u00a0\u00bb image_max_width=\u00a0\u00bb100%\u00a0\u00bb]<\/p>\n<p>\nL\u2019olivier est un arbre vivace \u00e0 feuilles persistantes. La culture de l\u2019olivier est limit\u00e9e aux deux zones temp\u00e9r\u00e9es surtout dans le bassin m\u00e9diterran\u00e9en, qui repr\u00e9sente 98% de la production et du potentiel de la plantation dans le monde entier. La culture de l\u2019olivier n\u2019est pas exigeante et c\u2019est pour cela qu\u2019il peut survivre m\u00eame dans des zones particuli\u00e8rement inaccessibles.<\/p>\n<p>L\u2019olivier europ\u00e9en (l\u2019olivier qui produit de l\u2019huile d\u2019olive) a beaucoup de vari\u00e9t\u00e9s. Il y a environ 130 vari\u00e9t\u00e9s d\u2019oliviers dont 50 sont les plus connues. Certaines de ces vari\u00e9t\u00e9s sont le r\u00e9sultat d\u2019un long processus de d\u00e9veloppement et d\u2019adaptation aux microclimats o\u00f9 elles ont \u00e9t\u00e9 plant\u00e9es, tandis que d\u2019autres esp\u00e8ces sont le r\u00e9sultat de l\u2019\u00e9volution du laboratoire. Selon la vari\u00e9t\u00e9 de l\u2019arbre, les olives peuvent \u00eatre class\u00e9es comme de calibre petit, moyen ou gros. De plus, il existe aussi l\u2019olivier d\u2019ornement.<\/p>\n<p>[\/et_pb_blurb][\/et_pb_column][\/et_pb_row][\/et_pb_section][et_pb_section bb_built=\u00a0\u00bb1&Prime; admin_label=\u00a0\u00bbsection\u00a0\u00bb fullwidth=\u00a0\u00bboff\u00a0\u00bb background_color=\u00a0\u00bb#bdcbb5&Prime; inner_shadow=\u00a0\u00bboff\u00a0\u00bb parallax=\u00a0\u00bboff\u00a0\u00bb prev_background_color=\u00a0\u00bb#ffffff\u00a0\u00bb][et_pb_row admin_label=\u00a0\u00bbrow\u00a0\u00bb background_position=\u00a0\u00bbtop_left\u00a0\u00bb background_repeat=\u00a0\u00bbrepeat\u00a0\u00bb background_size=\u00a0\u00bbinitial\u00a0\u00bb][et_pb_column type=\u00a0\u00bb1_3&Prime;][et_pb_blurb admin_label=\u00a0\u00bb\u039f\u03b9 \u03a0\u03bf\u03b9\u03ba\u03b9\u03bb\u03af\u03b5\u03c2\u00a0\u00bb url_new_window=\u00a0\u00bboff\u00a0\u00bb image=\u00a0\u00bb\/wp-content\/uploads\/2014\/04\/kalamon_circle.gif\u00a0\u00bb animation=\u00a0\u00bboff\u00a0\u00bb background_layout=\u00a0\u00bbdark\u00a0\u00bb text_orientation=\u00a0\u00bbcenter\u00a0\u00bb url=\u00a0\u00bb\/fr\/varietes\/\u00a0\u00bb alt=\u00a0\u00bbVert Full Home\u00a0\u00bb background_position=\u00a0\u00bbtop_left\u00a0\u00bb background_repeat=\u00a0\u00bbrepeat\u00a0\u00bb background_size=\u00a0\u00bbinitial\u00a0\u00bb image_max_width=\u00a0\u00bb100%\u00a0\u00bb]<\/p>\n<h2><a href=\"\/?page_id=824\"><span id=\"result_box\" lang=\"fr\">Les\u00a0vari\u00e9t\u00e9s<\/span><\/a><\/h2>\n<p style=\"font-size: 16px; color: #666666;\">Les vari\u00e9t\u00e9s d\u2019olives de notre soci\u00e9t\u00e9 peuvent \u00eatre distingu\u00e9es en: olives vertes de Chalkidiki, olives de Kalamata, olives noires d\u2019Amfissa et olives Throubes.<\/p>\n<p>[\/et_pb_blurb][\/et_pb_column][et_pb_column type=\u00a0\u00bb1_3&Prime;][et_pb_blurb admin_label=\u00a0\u00bb\u0399\u03c3\u03c4\u03bf\u03c1\u03af\u03b1 \u03c4\u03b7\u03c2 \u03b5\u03bb\u03b9\u03ac\u03c2\u00a0\u00bb url_new_window=\u00a0\u00bboff\u00a0\u00bb animation=\u00a0\u00bboff\u00a0\u00bb background_layout=\u00a0\u00bbdark\u00a0\u00bb text_orientation=\u00a0\u00bbcenter\u00a0\u00bb image=\u00a0\u00bb\/wp-content\/uploads\/2014\/04\/elia_circle.gif\u00a0\u00bb alt=\u00a0\u00bbOlive\u00a0\u00bb url=\u00a0\u00bb\/fr\/histoire\/\u00a0\u00bb background_position=\u00a0\u00bbtop_left\u00a0\u00bb background_repeat=\u00a0\u00bbrepeat\u00a0\u00bb background_size=\u00a0\u00bbinitial\u00a0\u00bb image_max_width=\u00a0\u00bb100%\u00a0\u00bb]<\/p>\n<h2><a href=\"\/?page_id=820\">L\u2019histoire des olives<\/a><\/h2>\n<p style=\"font-size: 16px; color: #666666;\">L\u2019olivier est apparu pour la premi\u00e8re fois il y a des milliers d\u2019ann\u00e9es dans le bassin m\u00e9diterran\u00e9en\u00a0; de l\u00e0 il s\u2019est r\u00e9pandu dans tous les pays voisins.<\/p>\n<p>[\/et_pb_blurb][\/et_pb_column][et_pb_column type=\u00a0\u00bb1_3&Prime;][et_pb_blurb admin_label=\u00a0\u00bb\u039f\u03b9 \u03b5\u03b3\u03ba\u03b1\u03c4\u03b1\u03c3\u03c4\u03ac\u03c3\u03b5\u03b9\u03c2\u00a0\u00bb url_new_window=\u00a0\u00bboff\u00a0\u00bb animation=\u00a0\u00bboff\u00a0\u00bb background_layout=\u00a0\u00bbdark\u00a0\u00bb text_orientation=\u00a0\u00bbcenter\u00a0\u00bb image=\u00a0\u00bb\/wp-content\/uploads\/2014\/04\/map_circle.gif\u00a0\u00bb url=\u00a0\u00bb\/fr\/contact-3\/\u00a0\u00bb alt=\u00a0\u00bbContact\u00a0\u00bb use_icon=\u00a0\u00bboff\u00a0\u00bb icon_color=\u00a0\u00bb#aec48f\u00a0\u00bb use_circle=\u00a0\u00bboff\u00a0\u00bb circle_color=\u00a0\u00bb#aec48f\u00a0\u00bb use_circle_border=\u00a0\u00bboff\u00a0\u00bb circle_border_color=\u00a0\u00bb#aec48f\u00a0\u00bb icon_placement=\u00a0\u00bbtop\u00a0\u00bb use_icon_font_size=\u00a0\u00bboff\u00a0\u00bb use_border_color=\u00a0\u00bboff\u00a0\u00bb border_color=\u00a0\u00bb#ffffff\u00a0\u00bb border_style=\u00a0\u00bbsolid\u00a0\u00bb background_position=\u00a0\u00bbtop_left\u00a0\u00bb background_repeat=\u00a0\u00bbrepeat\u00a0\u00bb background_size=\u00a0\u00bbinitial\u00a0\u00bb image_max_width=\u00a0\u00bb100%\u00a0\u00bb]<\/p>\n<h2><a href=\"\/?page_id=868\">Installations<\/a><\/h2>\n<p style=\"font-size: 16px; color: #666666;\">Les installations de l\u2019entreprise sont situ\u00e9es \u00e0 Nea Moudania, \u00e0 environ 45 km de Thessalonique, dans un domaine priv\u00e9 de 22 000 m2.<\/p>\n<p>[\/et_pb_blurb][\/et_pb_column][\/et_pb_row][et_pb_row _builder_version=\u00a0\u00bb3.19.18&Prime; disabled=\u00a0\u00bbon\u00a0\u00bb disabled_on=\u00a0\u00bbon|on|on\u00a0\u00bb][et_pb_column type=\u00a0\u00bb1_2&Prime;][et_pb_image _builder_version=\u00a0\u00bb3.8.1&Prime; src=\u00a0\u00bbhttps:\/\/www.olivegrove.gr\/wp-content\/uploads\/FFA-MREC-GIF.gif\u00a0\u00bb url=\u00a0\u00bbhttps:\/\/finefoodaustralia.com.au\/\u00a0\u00bb url_new_window=\u00a0\u00bbon\u00a0\u00bb \/][\/et_pb_column][et_pb_column type=\u00a0\u00bb1_2&Prime;][et_pb_image _builder_version=\u00a0\u00bb3.8.1&Prime; src=\u00a0\u00bbhttps:\/\/www.olivegrove.gr\/wp-content\/uploads\/Fine-Food-Australia-Logo.png\u00a0\u00bb url=\u00a0\u00bbhttps:\/\/finefoodaustralia.com.au\/\u00a0\u00bb url_new_window=\u00a0\u00bbon\u00a0\u00bb max_width=\u00a0\u00bb50%\u00a0\u00bb \/][\/et_pb_column][\/et_pb_row][\/et_pb_section]<\/p>\n","protected":false},"excerpt":{"rendered":"<p>E. KALAMID &#038; CO OE &#8211; Olive Grove est une entreprise familiale de traitement, de transformation et de standardisation des olives comestibles, fond\u00e9e en 1975<\/p>\n","protected":false},"author":1,"featured_media":0,"parent":0,"menu_order":0,"comment_status":"closed","ping_status":"closed","template":"","meta":{"_et_pb_use_builder":"on","_et_pb_old_content":"","_et_gb_content_width":"","footnotes":""},"class_list":["post-814","page","type-page","status-publish","hentry"],"yoast_head":"<!-- This site is optimized with the Yoast SEO plugin v27.2 - https:\/\/yoast.com\/product\/yoast-seo-wordpress\/ -->\n<title>Page d&#039;accueil - Olive Grove - Le commerce et le traitement des olives<\/title>\n<meta name=\"description\" content=\"KALAMIDA &amp; CO. \u2013 Olive Grove est une entreprise familiale fond\u00e9e en 1975, qui se concentre dans le commerce et le traitement des olives de table.\" \/>\n<meta name=\"robots\" content=\"index, follow, max-snippet:-1, max-image-preview:large, max-video-preview:-1\" \/>\n<link rel=\"canonical\" href=\"https:\/\/www.olivegrove.gr\/fr\/\" \/>\n<meta property=\"og:locale\" content=\"fr_FR\" \/>\n<meta property=\"og:type\" content=\"article\" \/>\n<meta property=\"og:title\" content=\"Page d&#039;accueil - Olive Grove - Le commerce et le traitement des olives\" \/>\n<meta property=\"og:description\" content=\"KALAMIDA &amp; CO. \u2013 Olive Grove est une entreprise familiale fond\u00e9e en 1975, qui se concentre dans le commerce et le traitement des olives de table.\" \/>\n<meta property=\"og:url\" content=\"https:\/\/www.olivegrove.gr\/fr\/\" \/>\n<meta property=\"og:site_name\" content=\"Olive Grove\" \/>\n<meta property=\"article:modified_time\" content=\"2019-06-27T07:26:27+00:00\" \/>\n<meta name=\"twitter:label1\" content=\"Dur\u00e9e de lecture estim\u00e9e\" \/>\n\t<meta name=\"twitter:data1\" content=\"8 minutes\" \/>\n<script type=\"application\/ld+json\" class=\"yoast-schema-graph\">{\"@context\":\"https:\/\/schema.org\",\"@graph\":[{\"@type\":\"WebPage\",\"@id\":\"https:\/\/www.olivegrove.gr\/fr\/\",\"url\":\"https:\/\/www.olivegrove.gr\/fr\/\",\"name\":\"Page d'accueil - Olive Grove - Le commerce et le traitement des olives\",\"isPartOf\":{\"@id\":\"https:\/\/www.olivegrove.gr\/fr\/#website\"},\"datePublished\":\"2014-05-12T11:46:33+00:00\",\"dateModified\":\"2019-06-27T07:26:27+00:00\",\"description\":\"KALAMIDA & CO. \u2013 Olive Grove est une entreprise familiale fond\u00e9e en 1975, qui se concentre dans le commerce et le traitement des olives de table.\",\"breadcrumb\":{\"@id\":\"https:\/\/www.olivegrove.gr\/fr\/#breadcrumb\"},\"inLanguage\":\"fr-FR\",\"potentialAction\":[{\"@type\":\"ReadAction\",\"target\":[\"https:\/\/www.olivegrove.gr\/fr\/\"]}]},{\"@type\":\"BreadcrumbList\",\"@id\":\"https:\/\/www.olivegrove.gr\/fr\/#breadcrumb\",\"itemListElement\":[{\"@type\":\"ListItem\",\"position\":1,\"name\":\"Home\",\"item\":\"https:\/\/www.olivegrove.gr\/fr\/\"},{\"@type\":\"ListItem\",\"position\":2,\"name\":\"Page d&#8217;accueil\"}]},{\"@type\":\"WebSite\",\"@id\":\"https:\/\/www.olivegrove.gr\/fr\/#website\",\"url\":\"https:\/\/www.olivegrove.gr\/fr\/\",\"name\":\"Olive Grove\",\"description\":\"\",\"potentialAction\":[{\"@type\":\"SearchAction\",\"target\":{\"@type\":\"EntryPoint\",\"urlTemplate\":\"https:\/\/www.olivegrove.gr\/fr\/?s={search_term_string}\"},\"query-input\":{\"@type\":\"PropertyValueSpecification\",\"valueRequired\":true,\"valueName\":\"search_term_string\"}}],\"inLanguage\":\"fr-FR\"}]}<\/script>\n<!-- \/ Yoast SEO plugin. -->","yoast_head_json":{"title":"Page d'accueil - Olive Grove - Le commerce et le traitement des olives","description":"KALAMIDA & CO. \u2013 Olive Grove est une entreprise familiale fond\u00e9e en 1975, qui se concentre dans le commerce et le traitement des olives de table.","robots":{"index":"index","follow":"follow","max-snippet":"max-snippet:-1","max-image-preview":"max-image-preview:large","max-video-preview":"max-video-preview:-1"},"canonical":"https:\/\/www.olivegrove.gr\/fr\/","og_locale":"fr_FR","og_type":"article","og_title":"Page d'accueil - Olive Grove - Le commerce et le traitement des olives","og_description":"KALAMIDA & CO. \u2013 Olive Grove est une entreprise familiale fond\u00e9e en 1975, qui se concentre dans le commerce et le traitement des olives de table.","og_url":"https:\/\/www.olivegrove.gr\/fr\/","og_site_name":"Olive Grove","article_modified_time":"2019-06-27T07:26:27+00:00","twitter_misc":{"Dur\u00e9e de lecture estim\u00e9e":"8 minutes"},"schema":{"@context":"https:\/\/schema.org","@graph":[{"@type":"WebPage","@id":"https:\/\/www.olivegrove.gr\/fr\/","url":"https:\/\/www.olivegrove.gr\/fr\/","name":"Page d'accueil - Olive Grove - Le commerce et le traitement des olives","isPartOf":{"@id":"https:\/\/www.olivegrove.gr\/fr\/#website"},"datePublished":"2014-05-12T11:46:33+00:00","dateModified":"2019-06-27T07:26:27+00:00","description":"KALAMIDA & CO. \u2013 Olive Grove est une entreprise familiale fond\u00e9e en 1975, qui se concentre dans le commerce et le traitement des olives de table.","breadcrumb":{"@id":"https:\/\/www.olivegrove.gr\/fr\/#breadcrumb"},"inLanguage":"fr-FR","potentialAction":[{"@type":"ReadAction","target":["https:\/\/www.olivegrove.gr\/fr\/"]}]},{"@type":"BreadcrumbList","@id":"https:\/\/www.olivegrove.gr\/fr\/#breadcrumb","itemListElement":[{"@type":"ListItem","position":1,"name":"Home","item":"https:\/\/www.olivegrove.gr\/fr\/"},{"@type":"ListItem","position":2,"name":"Page d&#8217;accueil"}]},{"@type":"WebSite","@id":"https:\/\/www.olivegrove.gr\/fr\/#website","url":"https:\/\/www.olivegrove.gr\/fr\/","name":"Olive Grove","description":"","potentialAction":[{"@type":"SearchAction","target":{"@type":"EntryPoint","urlTemplate":"https:\/\/www.olivegrove.gr\/fr\/?s={search_term_string}"},"query-input":{"@type":"PropertyValueSpecification","valueRequired":true,"valueName":"search_term_string"}}],"inLanguage":"fr-FR"}]}},"_links":{"self":[{"href":"https:\/\/www.olivegrove.gr\/fr\/wp-json\/wp\/v2\/pages\/814","targetHints":{"allow":["GET"]}}],"collection":[{"href":"https:\/\/www.olivegrove.gr\/fr\/wp-json\/wp\/v2\/pages"}],"about":[{"href":"https:\/\/www.olivegrove.gr\/fr\/wp-json\/wp\/v2\/types\/page"}],"author":[{"embeddable":true,"href":"https:\/\/www.olivegrove.gr\/fr\/wp-json\/wp\/v2\/users\/1"}],"replies":[{"embeddable":true,"href":"https:\/\/www.olivegrove.gr\/fr\/wp-json\/wp\/v2\/comments?post=814"}],"version-history":[{"count":71,"href":"https:\/\/www.olivegrove.gr\/fr\/wp-json\/wp\/v2\/pages\/814\/revisions"}],"predecessor-version":[{"id":7577,"href":"https:\/\/www.olivegrove.gr\/fr\/wp-json\/wp\/v2\/pages\/814\/revisions\/7577"}],"wp:attachment":[{"href":"https:\/\/www.olivegrove.gr\/fr\/wp-json\/wp\/v2\/media?parent=814"}],"curies":[{"name":"wp","href":"https:\/\/api.w.org\/{rel}","templated":true}]}}