{"id":839,"date":"2014-05-12T14:27:49","date_gmt":"2014-05-12T14:27:49","guid":{"rendered":"http:\/\/demo.olivegrove.gr\/?page_id=839"},"modified":"2017-03-09T15:49:05","modified_gmt":"2017-03-09T15:49:05","slug":"olives-vertes-de-chalkidiki","status":"publish","type":"page","link":"https:\/\/www.olivegrove.gr\/fr\/olives-vertes-de-chalkidiki\/","title":{"rendered":"Olives vertes de Chalkidiki"},"content":{"rendered":"<p>[et_pb_section bb_built=\u00a0\u00bb1&Prime; admin_label=\u00a0\u00bbsection\u00a0\u00bb background_color=\u00a0\u00bb#71805d\u00a0\u00bb inner_shadow=\u00a0\u00bbon\u00a0\u00bb fullwidth=\u00a0\u00bbon\u00a0\u00bb parallax=\u00a0\u00bboff\u00a0\u00bb][et_pb_fullwidth_header admin_label=\u00a0\u00bbOlives vertes de Chalkidiki\u00a0\u00bb title=\u00a0\u00bbOlives vertes de Chalkidiki\u00a0\u00bb subhead=\u00a0\u00bbVari\u00e9t\u00e9s\u00a0\u00bb background_layout=\u00a0\u00bbdark\u00a0\u00bb text_orientation=\u00a0\u00bbleft\u00a0\u00bb] [\/et_pb_fullwidth_header][\/et_pb_section][et_pb_section bb_built=\u00a0\u00bb1&Prime; admin_label=\u00a0\u00bbsection\u00a0\u00bb fullwidth=\u00a0\u00bboff\u00a0\u00bb][et_pb_row admin_label=\u00a0\u00bbrow\u00a0\u00bb][et_pb_column type=\u00a0\u00bb4_4&Prime;][et_pb_text admin_label=\u00a0\u00bbOlives vertes de Chalkidiki\u00a0\u00bb background_layout=\u00a0\u00bblight\u00a0\u00bb text_orientation=\u00a0\u00bbleft\u00a0\u00bb]<\/p>\n<p>Olives vertes de Chalkidiki.<\/p>\n<p>Cultiv\u00e9es presque enti\u00e8rement en Chalkidiki.<\/p>\n<p>Ce type d\u2019olive est \u00e9galement connu comme olive mammouth en raison de sa grande taille.<\/p>\n<p>Il s\u2019agit d\u2019olives de gros calibre de couleur vert profond. Apr\u00e8s la p\u00e9riode de traitement, la couleur devient jaune verd\u00e2tre.<\/p>\n<p>Ces olives sont offertes enti\u00e8res, d\u00e9noyaut\u00e9es ou farcies avec beaucoup de combinaisons de saveurs.<\/p>\n<p>[\/et_pb_text][\/et_pb_column][\/et_pb_row][et_pb_row admin_label=\u00a0\u00bbrow\u00a0\u00bb][et_pb_column type=\u00a0\u00bb1_3&Prime;][et_pb_image admin_label=\u00a0\u00bbConcombre\u00a0\u00bb src=\u00a0\u00bb\/wp-content\/uploads\/2014\/04\/aggouraki1.jpg\u00a0\u00bb alt=\u00a0\u00bbConcombre Olives vertes de Chalkidiki\u00a0\u00bb url_new_window=\u00a0\u00bboff\u00a0\u00bb animation=\u00a0\u00bboff\u00a0\u00bb url=\u00a0\u00bbhttp:\/\/www.olivegrove.gr\/wp-content\/uploads\/2014\/04\/aggouraki1.jpg\u00a0\u00bb show_in_lightbox=\u00a0\u00bboff\u00a0\u00bb use_overlay=\u00a0\u00bboff\u00a0\u00bb sticky=\u00a0\u00bboff\u00a0\u00bb align=\u00a0\u00bbleft\u00a0\u00bb force_fullwidth=\u00a0\u00bboff\u00a0\u00bb always_center_on_mobile=\u00a0\u00bbon\u00a0\u00bb use_border_color=\u00a0\u00bboff\u00a0\u00bb border_color=\u00a0\u00bb#ffffff\u00a0\u00bb border_style=\u00a0\u00bbsolid\u00a0\u00bb] [\/et_pb_image][et_pb_image admin_label=\u00a0\u00bbJalapeno\u00a0\u00bb src=\u00a0\u00bb\/wp-content\/uploads\/2014\/04\/jalapeno.jpg\u00a0\u00bb alt=\u00a0\u00bbJalapeno Olives vertes de Chalkidiki\u00a0\u00bb url=\u00a0\u00bbhttp:\/\/www.olivegrove.gr\/wp-content\/uploads\/2014\/04\/jalapeno.jpg\u00a0\u00bb url_new_window=\u00a0\u00bboff\u00a0\u00bb animation=\u00a0\u00bboff\u00a0\u00bb show_in_lightbox=\u00a0\u00bboff\u00a0\u00bb use_overlay=\u00a0\u00bboff\u00a0\u00bb sticky=\u00a0\u00bboff\u00a0\u00bb align=\u00a0\u00bbleft\u00a0\u00bb force_fullwidth=\u00a0\u00bboff\u00a0\u00bb always_center_on_mobile=\u00a0\u00bbon\u00a0\u00bb use_border_color=\u00a0\u00bboff\u00a0\u00bb border_color=\u00a0\u00bb#ffffff\u00a0\u00bb border_style=\u00a0\u00bbsolid\u00a0\u00bb] [\/et_pb_image][et_pb_image admin_label=\u00a0\u00bbCitron\u00a0\u00bb src=\u00a0\u00bb\/wp-content\/uploads\/2014\/04\/lemonia.jpg\u00a0\u00bb alt=\u00a0\u00bbCitron Olives vertes de Chalkidiki\u00a0\u00bb url=\u00a0\u00bbhttp:\/\/www.olivegrove.gr\/wp-content\/uploads\/2014\/04\/lemonia.jpg\u00a0\u00bb url_new_window=\u00a0\u00bboff\u00a0\u00bb animation=\u00a0\u00bboff\u00a0\u00bb show_in_lightbox=\u00a0\u00bboff\u00a0\u00bb use_overlay=\u00a0\u00bboff\u00a0\u00bb sticky=\u00a0\u00bboff\u00a0\u00bb align=\u00a0\u00bbleft\u00a0\u00bb force_fullwidth=\u00a0\u00bboff\u00a0\u00bb always_center_on_mobile=\u00a0\u00bbon\u00a0\u00bb use_border_color=\u00a0\u00bboff\u00a0\u00bb border_color=\u00a0\u00bb#ffffff\u00a0\u00bb border_style=\u00a0\u00bbsolid\u00a0\u00bb] [\/et_pb_image][et_pb_image admin_label=\u00a0\u00bbPoivron \/ Jalapeno\u00a0\u00bb src=\u00a0\u00bb\/wp-content\/uploads\/2014\/04\/piperia_jalapeno.jpg\u00a0\u00bb alt=\u00a0\u00bbPoivron \/ Jalapeno Olives vertes de Chalkidiki\u00a0\u00bb url=\u00a0\u00bbhttp:\/\/www.olivegrove.gr\/wp-content\/uploads\/2014\/04\/piperia_jalapeno.jpg\u00a0\u00bb url_new_window=\u00a0\u00bboff\u00a0\u00bb animation=\u00a0\u00bboff\u00a0\u00bb show_in_lightbox=\u00a0\u00bboff\u00a0\u00bb use_overlay=\u00a0\u00bboff\u00a0\u00bb sticky=\u00a0\u00bboff\u00a0\u00bb align=\u00a0\u00bbleft\u00a0\u00bb force_fullwidth=\u00a0\u00bboff\u00a0\u00bb always_center_on_mobile=\u00a0\u00bbon\u00a0\u00bb use_border_color=\u00a0\u00bboff\u00a0\u00bb border_color=\u00a0\u00bb#ffffff\u00a0\u00bb border_style=\u00a0\u00bbsolid\u00a0\u00bb] [\/et_pb_image][et_pb_image admin_label=\u00a0\u00bbOranges\u00a0\u00bb src=\u00a0\u00bb\/wp-content\/uploads\/2014\/04\/portokalia.jpg\u00a0\u00bb alt=\u00a0\u00bbOranges Olives vertes de Chalkidiki\u00a0\u00bb url=\u00a0\u00bbhttp:\/\/www.olivegrove.gr\/wp-content\/uploads\/2014\/04\/portokalia.jpg\u00a0\u00bb url_new_window=\u00a0\u00bboff\u00a0\u00bb animation=\u00a0\u00bboff\u00a0\u00bb show_in_lightbox=\u00a0\u00bboff\u00a0\u00bb use_overlay=\u00a0\u00bboff\u00a0\u00bb sticky=\u00a0\u00bboff\u00a0\u00bb align=\u00a0\u00bbleft\u00a0\u00bb force_fullwidth=\u00a0\u00bboff\u00a0\u00bb always_center_on_mobile=\u00a0\u00bbon\u00a0\u00bb use_border_color=\u00a0\u00bboff\u00a0\u00bb border_color=\u00a0\u00bb#ffffff\u00a0\u00bb border_style=\u00a0\u00bbsolid\u00a0\u00bb] [\/et_pb_image][et_pb_image admin_label=\u00a0\u00bbAil\u00a0\u00bb src=\u00a0\u00bb\/wp-content\/uploads\/2014\/04\/skordo.jpg\u00a0\u00bb alt=\u00a0\u00bbAil Olives vertes de Chalkidiki\u00a0\u00bb url=\u00a0\u00bbhttp:\/\/www.olivegrove.gr\/wp-content\/uploads\/2014\/04\/skordo.jpg\u00a0\u00bb url_new_window=\u00a0\u00bboff\u00a0\u00bb animation=\u00a0\u00bboff\u00a0\u00bb show_in_lightbox=\u00a0\u00bboff\u00a0\u00bb use_overlay=\u00a0\u00bboff\u00a0\u00bb sticky=\u00a0\u00bboff\u00a0\u00bb align=\u00a0\u00bbleft\u00a0\u00bb force_fullwidth=\u00a0\u00bboff\u00a0\u00bb always_center_on_mobile=\u00a0\u00bbon\u00a0\u00bb use_border_color=\u00a0\u00bboff\u00a0\u00bb border_color=\u00a0\u00bb#ffffff\u00a0\u00bb border_style=\u00a0\u00bbsolid\u00a0\u00bb] [\/et_pb_image][\/et_pb_column][et_pb_column type=\u00a0\u00bb1_3&Prime;][et_pb_image admin_label=\u00a0\u00bbAmande\u00a0\u00bb src=\u00a0\u00bb\/wp-content\/uploads\/2014\/04\/amygdalo.jpg\u00a0\u00bb alt=\u00a0\u00bbAmande Olives vertes de Chalkidiki\u00a0\u00bb url_new_window=\u00a0\u00bboff\u00a0\u00bb animation=\u00a0\u00bboff\u00a0\u00bb url=\u00a0\u00bbhttp:\/\/www.olivegrove.gr\/wp-content\/uploads\/2014\/04\/amygdalo.jpg\u00a0\u00bb show_in_lightbox=\u00a0\u00bboff\u00a0\u00bb use_overlay=\u00a0\u00bboff\u00a0\u00bb sticky=\u00a0\u00bboff\u00a0\u00bb align=\u00a0\u00bbleft\u00a0\u00bb force_fullwidth=\u00a0\u00bboff\u00a0\u00bb always_center_on_mobile=\u00a0\u00bbon\u00a0\u00bb use_border_color=\u00a0\u00bboff\u00a0\u00bb border_color=\u00a0\u00bb#ffffff\u00a0\u00bb border_style=\u00a0\u00bbsolid\u00a0\u00bb] [\/et_pb_image][et_pb_image admin_label=\u00a0\u00bbTomate\u00a0\u00bb src=\u00a0\u00bb\/wp-content\/uploads\/2014\/04\/ntomata.jpg\u00a0\u00bb alt=\u00a0\u00bbTomate Olives vertes de Chalkidiki\u00a0\u00bb url=\u00a0\u00bbhttp:\/\/www.olivegrove.gr\/wp-content\/uploads\/2014\/04\/ntomata.jpg\u00a0\u00bb url_new_window=\u00a0\u00bboff\u00a0\u00bb animation=\u00a0\u00bboff\u00a0\u00bb show_in_lightbox=\u00a0\u00bboff\u00a0\u00bb use_overlay=\u00a0\u00bboff\u00a0\u00bb sticky=\u00a0\u00bboff\u00a0\u00bb align=\u00a0\u00bbleft\u00a0\u00bb force_fullwidth=\u00a0\u00bboff\u00a0\u00bb always_center_on_mobile=\u00a0\u00bbon\u00a0\u00bb use_border_color=\u00a0\u00bboff\u00a0\u00bb border_color=\u00a0\u00bb#ffffff\u00a0\u00bb border_style=\u00a0\u00bbsolid\u00a0\u00bb] [\/et_pb_image][et_pb_image admin_label=\u00a0\u00bbPoivron\u00a0\u00bb src=\u00a0\u00bb\/wp-content\/uploads\/2014\/04\/piperia.jpg\u00a0\u00bb alt=\u00a0\u00bbPoivron Olives vertes de Chalkidiki\u00a0\u00bb url=\u00a0\u00bbhttp:\/\/www.olivegrove.gr\/wp-content\/uploads\/2014\/04\/piperia.jpg\u00a0\u00bb url_new_window=\u00a0\u00bboff\u00a0\u00bb animation=\u00a0\u00bboff\u00a0\u00bb show_in_lightbox=\u00a0\u00bboff\u00a0\u00bb use_overlay=\u00a0\u00bboff\u00a0\u00bb sticky=\u00a0\u00bboff\u00a0\u00bb align=\u00a0\u00bbleft\u00a0\u00bb force_fullwidth=\u00a0\u00bboff\u00a0\u00bb always_center_on_mobile=\u00a0\u00bbon\u00a0\u00bb use_border_color=\u00a0\u00bboff\u00a0\u00bb border_color=\u00a0\u00bb#ffffff\u00a0\u00bb border_style=\u00a0\u00bbsolid\u00a0\u00bb] [\/et_pb_image][et_pb_image admin_label=\u00a0\u00bbAmande \/ Jalapeno\u00a0\u00bb src=\u00a0\u00bb\/wp-content\/uploads\/2014\/04\/amygdalo_jalapeno.jpg\u00a0\u00bb url_new_window=\u00a0\u00bboff\u00a0\u00bb animation=\u00a0\u00bboff\u00a0\u00bb alt=\u00a0\u00bbAmande \/ Jalapeno Olives vertes de Chalkidiki\u00a0\u00bb url=\u00a0\u00bbhttp:\/\/www.olivegrove.gr\/wp-content\/uploads\/2014\/04\/amygdalo_jalapeno.jpg\u00a0\u00bb show_in_lightbox=\u00a0\u00bboff\u00a0\u00bb use_overlay=\u00a0\u00bboff\u00a0\u00bb sticky=\u00a0\u00bboff\u00a0\u00bb align=\u00a0\u00bbleft\u00a0\u00bb force_fullwidth=\u00a0\u00bboff\u00a0\u00bb always_center_on_mobile=\u00a0\u00bbon\u00a0\u00bb use_border_color=\u00a0\u00bboff\u00a0\u00bb border_color=\u00a0\u00bb#ffffff\u00a0\u00bb border_style=\u00a0\u00bbsolid\u00a0\u00bb] [\/et_pb_image][et_pb_image admin_label=\u00a0\u00bbEnti\u00e8re\u00a0\u00bb src=\u00a0\u00bb\/wp-content\/uploads\/2014\/04\/prasini_olokliri.jpg\u00a0\u00bb alt=\u00a0\u00bbEnti\u00e8re Olives vertes de Chalkidiki\u00a0\u00bb url=\u00a0\u00bbhttp:\/\/www.olivegrove.gr\/wp-content\/uploads\/2014\/04\/prasini_olokliri.jpg\u00a0\u00bb url_new_window=\u00a0\u00bboff\u00a0\u00bb animation=\u00a0\u00bboff\u00a0\u00bb show_in_lightbox=\u00a0\u00bboff\u00a0\u00bb use_overlay=\u00a0\u00bboff\u00a0\u00bb sticky=\u00a0\u00bboff\u00a0\u00bb align=\u00a0\u00bbleft\u00a0\u00bb force_fullwidth=\u00a0\u00bboff\u00a0\u00bb always_center_on_mobile=\u00a0\u00bbon\u00a0\u00bb use_border_color=\u00a0\u00bboff\u00a0\u00bb border_color=\u00a0\u00bb#ffffff\u00a0\u00bb border_style=\u00a0\u00bbsolid\u00a0\u00bb] [\/et_pb_image][et_pb_image admin_label=\u00a0\u00bbAil \/ Jalapeno\u00a0\u00bb src=\u00a0\u00bb\/wp-content\/uploads\/2014\/04\/skordo_jalapeno.jpg\u00a0\u00bb alt=\u00a0\u00bbAil \/ Jalapeno Olives vertes de Chalkidiki\u00a0\u00bb url=\u00a0\u00bbhttp:\/\/www.olivegrove.gr\/wp-content\/uploads\/2014\/04\/skordo_jalapeno.jpg\u00a0\u00bb url_new_window=\u00a0\u00bboff\u00a0\u00bb animation=\u00a0\u00bboff\u00a0\u00bb show_in_lightbox=\u00a0\u00bboff\u00a0\u00bb use_overlay=\u00a0\u00bboff\u00a0\u00bb sticky=\u00a0\u00bboff\u00a0\u00bb align=\u00a0\u00bbleft\u00a0\u00bb force_fullwidth=\u00a0\u00bboff\u00a0\u00bb always_center_on_mobile=\u00a0\u00bbon\u00a0\u00bb use_border_color=\u00a0\u00bboff\u00a0\u00bb border_color=\u00a0\u00bb#ffffff\u00a0\u00bb border_style=\u00a0\u00bbsolid\u00a0\u00bb] [\/et_pb_image][\/et_pb_column][et_pb_column type=\u00a0\u00bb1_3&Prime;][et_pb_image admin_label=\u00a0\u00bbD\u00e9noyaut\u00e9es\u00a0\u00bb src=\u00a0\u00bb\/wp-content\/uploads\/2014\/04\/ekpirinomenes.jpg\u00a0\u00bb alt=\u00a0\u00bbD\u00e9noyaut\u00e9es Olives vertes de Chalkidiki\u00a0\u00bb url=\u00a0\u00bbhttp:\/\/www.olivegrove.gr\/wp-content\/uploads\/2014\/04\/ekpirinomenes.jpg\u00a0\u00bb url_new_window=\u00a0\u00bboff\u00a0\u00bb animation=\u00a0\u00bboff\u00a0\u00bb show_in_lightbox=\u00a0\u00bboff\u00a0\u00bb use_overlay=\u00a0\u00bboff\u00a0\u00bb sticky=\u00a0\u00bboff\u00a0\u00bb align=\u00a0\u00bbleft\u00a0\u00bb force_fullwidth=\u00a0\u00bboff\u00a0\u00bb always_center_on_mobile=\u00a0\u00bbon\u00a0\u00bb use_border_color=\u00a0\u00bboff\u00a0\u00bb border_color=\u00a0\u00bb#ffffff\u00a0\u00bb border_style=\u00a0\u00bbsolid\u00a0\u00bb] [\/et_pb_image][et_pb_image admin_label=\u00a0\u00bbMac\u00e9donienne\u00a0\u00bb src=\u00a0\u00bb\/wp-content\/uploads\/2014\/04\/makedoniki.jpg\u00a0\u00bb alt=\u00a0\u00bbMac\u00e9donienne Olives vertes de Chalkidiki\u00a0\u00bb url=\u00a0\u00bbhttp:\/\/www.olivegrove.gr\/wp-content\/uploads\/2014\/04\/makedoniki.jpg\u00a0\u00bb url_new_window=\u00a0\u00bboff\u00a0\u00bb animation=\u00a0\u00bboff\u00a0\u00bb show_in_lightbox=\u00a0\u00bboff\u00a0\u00bb use_overlay=\u00a0\u00bboff\u00a0\u00bb sticky=\u00a0\u00bboff\u00a0\u00bb align=\u00a0\u00bbleft\u00a0\u00bb force_fullwidth=\u00a0\u00bboff\u00a0\u00bb always_center_on_mobile=\u00a0\u00bbon\u00a0\u00bb use_border_color=\u00a0\u00bboff\u00a0\u00bb border_color=\u00a0\u00bb#ffffff\u00a0\u00bb border_style=\u00a0\u00bbsolid\u00a0\u00bb] [\/et_pb_image][et_pb_image admin_label=\u00a0\u00bbPiri &#8211; Piri\u00a0\u00bb src=\u00a0\u00bb\/wp-content\/uploads\/2014\/04\/piri_piri.jpg\u00a0\u00bb alt=\u00a0\u00bbPiri &#8211; Piri Olives vertes de Chalkidiki\u00a0\u00bb url=\u00a0\u00bbhttp:\/\/www.olivegrove.gr\/wp-content\/uploads\/2014\/04\/piri_piri.jpg\u00a0\u00bb url_new_window=\u00a0\u00bboff\u00a0\u00bb animation=\u00a0\u00bboff\u00a0\u00bb show_in_lightbox=\u00a0\u00bboff\u00a0\u00bb use_overlay=\u00a0\u00bboff\u00a0\u00bb sticky=\u00a0\u00bboff\u00a0\u00bb align=\u00a0\u00bbleft\u00a0\u00bb force_fullwidth=\u00a0\u00bboff\u00a0\u00bb always_center_on_mobile=\u00a0\u00bbon\u00a0\u00bb use_border_color=\u00a0\u00bboff\u00a0\u00bb border_color=\u00a0\u00bb#ffffff\u00a0\u00bb border_style=\u00a0\u00bbsolid\u00a0\u00bb] [\/et_pb_image][et_pb_image admin_label=\u00a0\u00bbAmande \/ Poivron\u00a0\u00bb src=\u00a0\u00bb\/wp-content\/uploads\/2014\/04\/amygdalo_piperia.jpg\u00a0\u00bb alt=\u00a0\u00bbAmande \/ Poivron Olives vertes de Chalkidiki\u00a0\u00bb url=\u00a0\u00bbhttp:\/\/www.olivegrove.gr\/wp-content\/uploads\/2014\/04\/amygdalo_piperia.jpg\u00a0\u00bb url_new_window=\u00a0\u00bboff\u00a0\u00bb animation=\u00a0\u00bboff\u00a0\u00bb show_in_lightbox=\u00a0\u00bboff\u00a0\u00bb use_overlay=\u00a0\u00bboff\u00a0\u00bb sticky=\u00a0\u00bboff\u00a0\u00bb align=\u00a0\u00bbleft\u00a0\u00bb force_fullwidth=\u00a0\u00bboff\u00a0\u00bb always_center_on_mobile=\u00a0\u00bbon\u00a0\u00bb use_border_color=\u00a0\u00bboff\u00a0\u00bb border_color=\u00a0\u00bb#ffffff\u00a0\u00bb border_style=\u00a0\u00bbsolid\u00a0\u00bb] [\/et_pb_image][et_pb_image admin_label=\u00a0\u00bbRondelles\u00a0\u00bb src=\u00a0\u00bb\/wp-content\/uploads\/2014\/04\/rodeles.jpg\u00a0\u00bb alt=\u00a0\u00bbRondelles Olives vertes de Chalkidiki\u00a0\u00bb url=\u00a0\u00bbhttp:\/\/www.olivegrove.gr\/wp-content\/uploads\/2014\/04\/rodeles.jpg\u00a0\u00bb url_new_window=\u00a0\u00bboff\u00a0\u00bb animation=\u00a0\u00bboff\u00a0\u00bb show_in_lightbox=\u00a0\u00bboff\u00a0\u00bb use_overlay=\u00a0\u00bboff\u00a0\u00bb sticky=\u00a0\u00bboff\u00a0\u00bb align=\u00a0\u00bbleft\u00a0\u00bb force_fullwidth=\u00a0\u00bboff\u00a0\u00bb always_center_on_mobile=\u00a0\u00bbon\u00a0\u00bb use_border_color=\u00a0\u00bboff\u00a0\u00bb border_color=\u00a0\u00bb#ffffff\u00a0\u00bb border_style=\u00a0\u00bbsolid\u00a0\u00bb] [\/et_pb_image][et_pb_image admin_label=\u00a0\u00bbAil \/ Le poivre vert\u00a0\u00bb src=\u00a0\u00bb\/wp-content\/uploads\/2014\/04\/skordo_piperia.jpg\u00a0\u00bb alt=\u00a0\u00bbAil \/ Poivron Olives vertes de Chalkidiki\u00a0\u00bb url=\u00a0\u00bbhttp:\/\/www.olivegrove.gr\/wp-content\/uploads\/2014\/04\/skordo_piperia.jpg\u00a0\u00bb url_new_window=\u00a0\u00bboff\u00a0\u00bb animation=\u00a0\u00bboff\u00a0\u00bb show_in_lightbox=\u00a0\u00bboff\u00a0\u00bb use_overlay=\u00a0\u00bboff\u00a0\u00bb sticky=\u00a0\u00bboff\u00a0\u00bb align=\u00a0\u00bbleft\u00a0\u00bb force_fullwidth=\u00a0\u00bboff\u00a0\u00bb always_center_on_mobile=\u00a0\u00bbon\u00a0\u00bb use_border_color=\u00a0\u00bboff\u00a0\u00bb border_color=\u00a0\u00bb#ffffff\u00a0\u00bb border_style=\u00a0\u00bbsolid\u00a0\u00bb] [\/et_pb_image][\/et_pb_column][\/et_pb_row][\/et_pb_section]<\/p>\n","protected":false},"excerpt":{"rendered":"<p>Olives vertes de Chalkidiki. Cultiv\u00e9es presque enti\u00e8rement en Chalkidiki. Ce type d\u2019olive est \u00e9galement connu comme olive mammouth en raison de sa grande taille. Il s\u2019agit d\u2019olives de gros calibre de couleur vert profond. Apr\u00e8s la p\u00e9riode de traitement, la couleur devient jaune verd\u00e2tre. Ces olives sont offertes enti\u00e8res, d\u00e9noyaut\u00e9es ou farcies avec beaucoup de [&hellip;]<\/p>\n","protected":false},"author":1,"featured_media":0,"parent":0,"menu_order":0,"comment_status":"open","ping_status":"closed","template":"","meta":{"_et_pb_use_builder":"on","_et_pb_old_content":"","_et_gb_content_width":"","footnotes":""},"class_list":["post-839","page","type-page","status-publish","hentry"],"yoast_head":"<!-- This site is optimized with the Yoast SEO plugin v27.2 - https:\/\/yoast.com\/product\/yoast-seo-wordpress\/ -->\n<title>Vertes de Chalkidiki. Cultiv\u00e9es presque enti\u00e8rement en...<\/title>\n<meta name=\"description\" content=\"Vertes de Chalkidiki. Cultiv\u00e9es presque enti\u00e8rement en Chalkidiki. Ce type d\u2019olive est \u00e9galement connu comme olive mammouth en raison de sa grande...\" \/>\n<meta name=\"robots\" content=\"index, follow, max-snippet:-1, max-image-preview:large, max-video-preview:-1\" \/>\n<link rel=\"canonical\" href=\"https:\/\/www.olivegrove.gr\/fr\/olives-vertes-de-chalkidiki\/\" \/>\n<meta property=\"og:locale\" content=\"fr_FR\" \/>\n<meta property=\"og:type\" content=\"article\" \/>\n<meta property=\"og:title\" content=\"Vertes de Chalkidiki. Cultiv\u00e9es presque enti\u00e8rement en...\" \/>\n<meta property=\"og:description\" content=\"Vertes de Chalkidiki. Cultiv\u00e9es presque enti\u00e8rement en Chalkidiki. Ce type d\u2019olive est \u00e9galement connu comme olive mammouth en raison de sa grande...\" \/>\n<meta property=\"og:url\" content=\"https:\/\/www.olivegrove.gr\/fr\/olives-vertes-de-chalkidiki\/\" \/>\n<meta property=\"og:site_name\" content=\"Olive Grove\" \/>\n<meta property=\"article:modified_time\" content=\"2017-03-09T15:49:05+00:00\" \/>\n<meta name=\"twitter:label1\" content=\"Dur\u00e9e de lecture estim\u00e9e\" \/>\n\t<meta name=\"twitter:data1\" content=\"7 minutes\" \/>\n<script type=\"application\/ld+json\" class=\"yoast-schema-graph\">{\"@context\":\"https:\/\/schema.org\",\"@graph\":[{\"@type\":\"WebPage\",\"@id\":\"https:\/\/www.olivegrove.gr\/fr\/olives-vertes-de-chalkidiki\/\",\"url\":\"https:\/\/www.olivegrove.gr\/fr\/olives-vertes-de-chalkidiki\/\",\"name\":\"Vertes de Chalkidiki. Cultiv\u00e9es presque enti\u00e8rement en...\",\"isPartOf\":{\"@id\":\"https:\/\/www.olivegrove.gr\/fr\/#website\"},\"datePublished\":\"2014-05-12T14:27:49+00:00\",\"dateModified\":\"2017-03-09T15:49:05+00:00\",\"description\":\"Vertes de Chalkidiki. Cultiv\u00e9es presque enti\u00e8rement en Chalkidiki. Ce type d\u2019olive est \u00e9galement connu comme olive mammouth en raison de sa grande...\",\"breadcrumb\":{\"@id\":\"https:\/\/www.olivegrove.gr\/fr\/olives-vertes-de-chalkidiki\/#breadcrumb\"},\"inLanguage\":\"fr-FR\",\"potentialAction\":[{\"@type\":\"ReadAction\",\"target\":[\"https:\/\/www.olivegrove.gr\/fr\/olives-vertes-de-chalkidiki\/\"]}]},{\"@type\":\"BreadcrumbList\",\"@id\":\"https:\/\/www.olivegrove.gr\/fr\/olives-vertes-de-chalkidiki\/#breadcrumb\",\"itemListElement\":[{\"@type\":\"ListItem\",\"position\":1,\"name\":\"Home\",\"item\":\"https:\/\/www.olivegrove.gr\/fr\/\"},{\"@type\":\"ListItem\",\"position\":2,\"name\":\"Olives vertes de Chalkidiki\"}]},{\"@type\":\"WebSite\",\"@id\":\"https:\/\/www.olivegrove.gr\/fr\/#website\",\"url\":\"https:\/\/www.olivegrove.gr\/fr\/\",\"name\":\"Olive Grove\",\"description\":\"\",\"potentialAction\":[{\"@type\":\"SearchAction\",\"target\":{\"@type\":\"EntryPoint\",\"urlTemplate\":\"https:\/\/www.olivegrove.gr\/fr\/?s={search_term_string}\"},\"query-input\":{\"@type\":\"PropertyValueSpecification\",\"valueRequired\":true,\"valueName\":\"search_term_string\"}}],\"inLanguage\":\"fr-FR\"}]}<\/script>\n<!-- \/ Yoast SEO plugin. -->","yoast_head_json":{"title":"Vertes de Chalkidiki. Cultiv\u00e9es presque enti\u00e8rement en...","description":"Vertes de Chalkidiki. Cultiv\u00e9es presque enti\u00e8rement en Chalkidiki. Ce type d\u2019olive est \u00e9galement connu comme olive mammouth en raison de sa grande...","robots":{"index":"index","follow":"follow","max-snippet":"max-snippet:-1","max-image-preview":"max-image-preview:large","max-video-preview":"max-video-preview:-1"},"canonical":"https:\/\/www.olivegrove.gr\/fr\/olives-vertes-de-chalkidiki\/","og_locale":"fr_FR","og_type":"article","og_title":"Vertes de Chalkidiki. Cultiv\u00e9es presque enti\u00e8rement en...","og_description":"Vertes de Chalkidiki. Cultiv\u00e9es presque enti\u00e8rement en Chalkidiki. Ce type d\u2019olive est \u00e9galement connu comme olive mammouth en raison de sa grande...","og_url":"https:\/\/www.olivegrove.gr\/fr\/olives-vertes-de-chalkidiki\/","og_site_name":"Olive Grove","article_modified_time":"2017-03-09T15:49:05+00:00","twitter_misc":{"Dur\u00e9e de lecture estim\u00e9e":"7 minutes"},"schema":{"@context":"https:\/\/schema.org","@graph":[{"@type":"WebPage","@id":"https:\/\/www.olivegrove.gr\/fr\/olives-vertes-de-chalkidiki\/","url":"https:\/\/www.olivegrove.gr\/fr\/olives-vertes-de-chalkidiki\/","name":"Vertes de Chalkidiki. Cultiv\u00e9es presque enti\u00e8rement en...","isPartOf":{"@id":"https:\/\/www.olivegrove.gr\/fr\/#website"},"datePublished":"2014-05-12T14:27:49+00:00","dateModified":"2017-03-09T15:49:05+00:00","description":"Vertes de Chalkidiki. Cultiv\u00e9es presque enti\u00e8rement en Chalkidiki. Ce type d\u2019olive est \u00e9galement connu comme olive mammouth en raison de sa grande...","breadcrumb":{"@id":"https:\/\/www.olivegrove.gr\/fr\/olives-vertes-de-chalkidiki\/#breadcrumb"},"inLanguage":"fr-FR","potentialAction":[{"@type":"ReadAction","target":["https:\/\/www.olivegrove.gr\/fr\/olives-vertes-de-chalkidiki\/"]}]},{"@type":"BreadcrumbList","@id":"https:\/\/www.olivegrove.gr\/fr\/olives-vertes-de-chalkidiki\/#breadcrumb","itemListElement":[{"@type":"ListItem","position":1,"name":"Home","item":"https:\/\/www.olivegrove.gr\/fr\/"},{"@type":"ListItem","position":2,"name":"Olives vertes de Chalkidiki"}]},{"@type":"WebSite","@id":"https:\/\/www.olivegrove.gr\/fr\/#website","url":"https:\/\/www.olivegrove.gr\/fr\/","name":"Olive Grove","description":"","potentialAction":[{"@type":"SearchAction","target":{"@type":"EntryPoint","urlTemplate":"https:\/\/www.olivegrove.gr\/fr\/?s={search_term_string}"},"query-input":{"@type":"PropertyValueSpecification","valueRequired":true,"valueName":"search_term_string"}}],"inLanguage":"fr-FR"}]}},"_links":{"self":[{"href":"https:\/\/www.olivegrove.gr\/fr\/wp-json\/wp\/v2\/pages\/839","targetHints":{"allow":["GET"]}}],"collection":[{"href":"https:\/\/www.olivegrove.gr\/fr\/wp-json\/wp\/v2\/pages"}],"about":[{"href":"https:\/\/www.olivegrove.gr\/fr\/wp-json\/wp\/v2\/types\/page"}],"author":[{"embeddable":true,"href":"https:\/\/www.olivegrove.gr\/fr\/wp-json\/wp\/v2\/users\/1"}],"replies":[{"embeddable":true,"href":"https:\/\/www.olivegrove.gr\/fr\/wp-json\/wp\/v2\/comments?post=839"}],"version-history":[{"count":9,"href":"https:\/\/www.olivegrove.gr\/fr\/wp-json\/wp\/v2\/pages\/839\/revisions"}],"predecessor-version":[{"id":7304,"href":"https:\/\/www.olivegrove.gr\/fr\/wp-json\/wp\/v2\/pages\/839\/revisions\/7304"}],"wp:attachment":[{"href":"https:\/\/www.olivegrove.gr\/fr\/wp-json\/wp\/v2\/media?parent=839"}],"curies":[{"name":"wp","href":"https:\/\/api.w.org\/{rel}","templated":true}]}}