{"id":843,"date":"2014-05-12T14:40:04","date_gmt":"2014-05-12T14:40:04","guid":{"rendered":"http:\/\/demo.olivegrove.gr\/?page_id=843"},"modified":"2017-03-09T17:11:17","modified_gmt":"2017-03-09T17:11:17","slug":"olives-kalamata","status":"publish","type":"page","link":"https:\/\/www.olivegrove.gr\/fr\/olives-kalamata\/","title":{"rendered":"Olives Kalamata"},"content":{"rendered":"<p>[et_pb_section bb_built=\u00a0\u00bb1&Prime; admin_label=\u00a0\u00bbsection\u00a0\u00bb background_color=\u00a0\u00bb#71805d\u00a0\u00bb inner_shadow=\u00a0\u00bbon\u00a0\u00bb fullwidth=\u00a0\u00bbon\u00a0\u00bb parallax=\u00a0\u00bboff\u00a0\u00bb][et_pb_fullwidth_header admin_label=\u00a0\u00bbVari\u00e9t\u00e9s\u00a0\u00bb title=\u00a0\u00bbOlives Kalamata\u00a0\u00bb subhead=\u00a0\u00bbVari\u00e9t\u00e9s\u00a0\u00bb background_layout=\u00a0\u00bbdark\u00a0\u00bb text_orientation=\u00a0\u00bbleft\u00a0\u00bb] [\/et_pb_fullwidth_header][\/et_pb_section][et_pb_section bb_built=\u00a0\u00bb1&Prime; admin_label=\u00a0\u00bbsection\u00a0\u00bb fullwidth=\u00a0\u00bboff\u00a0\u00bb][et_pb_row admin_label=\u00a0\u00bbrow\u00a0\u00bb][et_pb_column type=\u00a0\u00bb4_4&Prime;][et_pb_text admin_label=\u00a0\u00bbOlives Kalamata\u00a0\u00bb background_layout=\u00a0\u00bblight\u00a0\u00bb text_orientation=\u00a0\u00bbleft\u00a0\u00bb use_border_color=\u00a0\u00bboff\u00a0\u00bb border_color=\u00a0\u00bb#ffffff\u00a0\u00bb border_style=\u00a0\u00bbsolid\u00a0\u00bb]<\/p>\n<p>Olives Kalamata est une des vari\u00e9t\u00e9s les plus populaires avec appellation d&rsquo;origine. Elles sont principalement cultiv\u00e9es au sud de la Gr\u00e8ce, dans la pr\u00e9fecture de Mess\u00e9nie, mais aussi en Laconie, Aetolia-Acarnanie, Phthiotide et Chalkidiki.<\/p>\n<p>Elles sont connues pour leur forme en amande et leur couleur noire brillante.<\/p>\n<p>[\/et_pb_text][\/et_pb_column][\/et_pb_row][et_pb_row admin_label=\u00a0\u00bbrow\u00a0\u00bb][et_pb_column type=\u00a0\u00bb1_3&Prime;][et_pb_image admin_label=\u00a0\u00bbD\u00e9noyaut\u00e9es\u00a0\u00bb src=\u00a0\u00bb\/wp-content\/uploads\/2014\/04\/kalamon_ekpirinomenes.jpg\u00a0\u00bb alt=\u00a0\u00bbD\u00e9noyaut\u00e9es Olives Kalamata\u00a0\u00bb url=\u00a0\u00bbhttp:\/\/www.olivegrove.gr\/wp-content\/uploads\/2014\/04\/kalamon_ekpirinomenes.jpg\u00a0\u00bb url_new_window=\u00a0\u00bboff\u00a0\u00bb animation=\u00a0\u00bboff\u00a0\u00bb show_in_lightbox=\u00a0\u00bboff\u00a0\u00bb use_overlay=\u00a0\u00bboff\u00a0\u00bb sticky=\u00a0\u00bboff\u00a0\u00bb align=\u00a0\u00bbleft\u00a0\u00bb force_fullwidth=\u00a0\u00bboff\u00a0\u00bb always_center_on_mobile=\u00a0\u00bbon\u00a0\u00bb use_border_color=\u00a0\u00bboff\u00a0\u00bb border_color=\u00a0\u00bb#ffffff\u00a0\u00bb border_style=\u00a0\u00bbsolid\u00a0\u00bb] [\/et_pb_image][\/et_pb_column][et_pb_column type=\u00a0\u00bb1_3&Prime;][et_pb_image admin_label=\u00a0\u00bbEnti\u00e8res Assorties\u00a0\u00bb src=\u00a0\u00bb\/wp-content\/uploads\/2014\/04\/kalamon_oloklires_anameiktes.jpg\u00a0\u00bb alt=\u00a0\u00bbEnti\u00e8res Assorties Olives Kalamata\u00a0\u00bb url=\u00a0\u00bbhttp:\/\/www.olivegrove.gr\/wp-content\/uploads\/2014\/04\/kalamon_oloklires_anameiktes.jpg\u00a0\u00bb url_new_window=\u00a0\u00bboff\u00a0\u00bb animation=\u00a0\u00bboff\u00a0\u00bb show_in_lightbox=\u00a0\u00bboff\u00a0\u00bb use_overlay=\u00a0\u00bboff\u00a0\u00bb sticky=\u00a0\u00bboff\u00a0\u00bb align=\u00a0\u00bbleft\u00a0\u00bb force_fullwidth=\u00a0\u00bboff\u00a0\u00bb always_center_on_mobile=\u00a0\u00bbon\u00a0\u00bb use_border_color=\u00a0\u00bboff\u00a0\u00bb border_color=\u00a0\u00bb#ffffff\u00a0\u00bb border_style=\u00a0\u00bbsolid\u00a0\u00bb] [\/et_pb_image][\/et_pb_column][et_pb_column type=\u00a0\u00bb1_3&Prime;][et_pb_image admin_label=\u00a0\u00bbEnti\u00e8res Petites\u00a0\u00bb src=\u00a0\u00bb\/wp-content\/uploads\/2014\/04\/kalamon_oloklires_mikres.jpg\u00a0\u00bb alt=\u00a0\u00bbEnti\u00e8res Petites Olives Kalamata\u00a0\u00bb url=\u00a0\u00bbhttp:\/\/www.olivegrove.gr\/wp-content\/uploads\/2014\/04\/kalamon_oloklires_mikres.jpg\u00a0\u00bb url_new_window=\u00a0\u00bboff\u00a0\u00bb animation=\u00a0\u00bboff\u00a0\u00bb show_in_lightbox=\u00a0\u00bboff\u00a0\u00bb use_overlay=\u00a0\u00bboff\u00a0\u00bb sticky=\u00a0\u00bboff\u00a0\u00bb align=\u00a0\u00bbleft\u00a0\u00bb force_fullwidth=\u00a0\u00bboff\u00a0\u00bb always_center_on_mobile=\u00a0\u00bbon\u00a0\u00bb use_border_color=\u00a0\u00bboff\u00a0\u00bb border_color=\u00a0\u00bb#ffffff\u00a0\u00bb border_style=\u00a0\u00bbsolid\u00a0\u00bb] [\/et_pb_image][\/et_pb_column][\/et_pb_row][\/et_pb_section]<\/p>\n","protected":false},"excerpt":{"rendered":"<p>Olives Kalamata est une des vari\u00e9t\u00e9s les plus populaires avec appellation d&rsquo;origine. Elles sont principalement cultiv\u00e9es au sud de la Gr\u00e8ce, dans la pr\u00e9fecture de Mess\u00e9nie, mais aussi en Laconie, Aetolia-Acarnanie, Phthiotide et Chalkidiki. Elles sont connues pour leur forme en amande et leur couleur noire brillante.<\/p>\n","protected":false},"author":1,"featured_media":0,"parent":0,"menu_order":0,"comment_status":"open","ping_status":"closed","template":"","meta":{"_et_pb_use_builder":"on","_et_pb_old_content":"","_et_gb_content_width":"","footnotes":""},"class_list":["post-843","page","type-page","status-publish","hentry"],"yoast_head":"<!-- This site is optimized with the Yoast SEO plugin v27.2 - https:\/\/yoast.com\/product\/yoast-seo-wordpress\/ -->\n<title>Olives Kalamata - Olive Grove - Chalkidiki - Greece<\/title>\n<meta name=\"description\" content=\"Olives Kalamata. La vari\u00e9t\u00e9 d\u2019olives de Kalamata est une des vari\u00e9t\u00e9s les plus populaires avec appellation d\u2019origine. Elles sont principalement cultiv\u00e9es...\" \/>\n<meta name=\"robots\" content=\"index, follow, max-snippet:-1, max-image-preview:large, max-video-preview:-1\" \/>\n<link rel=\"canonical\" href=\"https:\/\/www.olivegrove.gr\/fr\/olives-kalamata\/\" \/>\n<meta property=\"og:locale\" content=\"fr_FR\" \/>\n<meta property=\"og:type\" content=\"article\" \/>\n<meta property=\"og:title\" content=\"Olives Kalamata - Olive Grove - Chalkidiki - Greece\" \/>\n<meta property=\"og:description\" content=\"Olives Kalamata. La vari\u00e9t\u00e9 d\u2019olives de Kalamata est une des vari\u00e9t\u00e9s les plus populaires avec appellation d\u2019origine. Elles sont principalement cultiv\u00e9es...\" \/>\n<meta property=\"og:url\" content=\"https:\/\/www.olivegrove.gr\/fr\/olives-kalamata\/\" \/>\n<meta property=\"og:site_name\" content=\"Olive Grove\" \/>\n<meta property=\"article:modified_time\" content=\"2017-03-09T17:11:17+00:00\" \/>\n<meta name=\"twitter:label1\" content=\"Dur\u00e9e de lecture estim\u00e9e\" \/>\n\t<meta name=\"twitter:data1\" content=\"2 minutes\" \/>\n<script type=\"application\/ld+json\" class=\"yoast-schema-graph\">{\"@context\":\"https:\/\/schema.org\",\"@graph\":[{\"@type\":\"WebPage\",\"@id\":\"https:\/\/www.olivegrove.gr\/fr\/olives-kalamata\/\",\"url\":\"https:\/\/www.olivegrove.gr\/fr\/olives-kalamata\/\",\"name\":\"Olives Kalamata - Olive Grove - Chalkidiki - Greece\",\"isPartOf\":{\"@id\":\"https:\/\/www.olivegrove.gr\/fr\/#website\"},\"datePublished\":\"2014-05-12T14:40:04+00:00\",\"dateModified\":\"2017-03-09T17:11:17+00:00\",\"description\":\"Olives Kalamata. La vari\u00e9t\u00e9 d\u2019olives de Kalamata est une des vari\u00e9t\u00e9s les plus populaires avec appellation d\u2019origine. Elles sont principalement cultiv\u00e9es...\",\"breadcrumb\":{\"@id\":\"https:\/\/www.olivegrove.gr\/fr\/olives-kalamata\/#breadcrumb\"},\"inLanguage\":\"fr-FR\",\"potentialAction\":[{\"@type\":\"ReadAction\",\"target\":[\"https:\/\/www.olivegrove.gr\/fr\/olives-kalamata\/\"]}]},{\"@type\":\"BreadcrumbList\",\"@id\":\"https:\/\/www.olivegrove.gr\/fr\/olives-kalamata\/#breadcrumb\",\"itemListElement\":[{\"@type\":\"ListItem\",\"position\":1,\"name\":\"Home\",\"item\":\"https:\/\/www.olivegrove.gr\/fr\/\"},{\"@type\":\"ListItem\",\"position\":2,\"name\":\"Olives Kalamata\"}]},{\"@type\":\"WebSite\",\"@id\":\"https:\/\/www.olivegrove.gr\/fr\/#website\",\"url\":\"https:\/\/www.olivegrove.gr\/fr\/\",\"name\":\"Olive Grove\",\"description\":\"\",\"potentialAction\":[{\"@type\":\"SearchAction\",\"target\":{\"@type\":\"EntryPoint\",\"urlTemplate\":\"https:\/\/www.olivegrove.gr\/fr\/?s={search_term_string}\"},\"query-input\":{\"@type\":\"PropertyValueSpecification\",\"valueRequired\":true,\"valueName\":\"search_term_string\"}}],\"inLanguage\":\"fr-FR\"}]}<\/script>\n<!-- \/ Yoast SEO plugin. -->","yoast_head_json":{"title":"Olives Kalamata - Olive Grove - Chalkidiki - Greece","description":"Olives Kalamata. La vari\u00e9t\u00e9 d\u2019olives de Kalamata est une des vari\u00e9t\u00e9s les plus populaires avec appellation d\u2019origine. Elles sont principalement cultiv\u00e9es...","robots":{"index":"index","follow":"follow","max-snippet":"max-snippet:-1","max-image-preview":"max-image-preview:large","max-video-preview":"max-video-preview:-1"},"canonical":"https:\/\/www.olivegrove.gr\/fr\/olives-kalamata\/","og_locale":"fr_FR","og_type":"article","og_title":"Olives Kalamata - Olive Grove - Chalkidiki - Greece","og_description":"Olives Kalamata. La vari\u00e9t\u00e9 d\u2019olives de Kalamata est une des vari\u00e9t\u00e9s les plus populaires avec appellation d\u2019origine. Elles sont principalement cultiv\u00e9es...","og_url":"https:\/\/www.olivegrove.gr\/fr\/olives-kalamata\/","og_site_name":"Olive Grove","article_modified_time":"2017-03-09T17:11:17+00:00","twitter_misc":{"Dur\u00e9e de lecture estim\u00e9e":"2 minutes"},"schema":{"@context":"https:\/\/schema.org","@graph":[{"@type":"WebPage","@id":"https:\/\/www.olivegrove.gr\/fr\/olives-kalamata\/","url":"https:\/\/www.olivegrove.gr\/fr\/olives-kalamata\/","name":"Olives Kalamata - Olive Grove - Chalkidiki - Greece","isPartOf":{"@id":"https:\/\/www.olivegrove.gr\/fr\/#website"},"datePublished":"2014-05-12T14:40:04+00:00","dateModified":"2017-03-09T17:11:17+00:00","description":"Olives Kalamata. La vari\u00e9t\u00e9 d\u2019olives de Kalamata est une des vari\u00e9t\u00e9s les plus populaires avec appellation d\u2019origine. Elles sont principalement cultiv\u00e9es...","breadcrumb":{"@id":"https:\/\/www.olivegrove.gr\/fr\/olives-kalamata\/#breadcrumb"},"inLanguage":"fr-FR","potentialAction":[{"@type":"ReadAction","target":["https:\/\/www.olivegrove.gr\/fr\/olives-kalamata\/"]}]},{"@type":"BreadcrumbList","@id":"https:\/\/www.olivegrove.gr\/fr\/olives-kalamata\/#breadcrumb","itemListElement":[{"@type":"ListItem","position":1,"name":"Home","item":"https:\/\/www.olivegrove.gr\/fr\/"},{"@type":"ListItem","position":2,"name":"Olives Kalamata"}]},{"@type":"WebSite","@id":"https:\/\/www.olivegrove.gr\/fr\/#website","url":"https:\/\/www.olivegrove.gr\/fr\/","name":"Olive Grove","description":"","potentialAction":[{"@type":"SearchAction","target":{"@type":"EntryPoint","urlTemplate":"https:\/\/www.olivegrove.gr\/fr\/?s={search_term_string}"},"query-input":{"@type":"PropertyValueSpecification","valueRequired":true,"valueName":"search_term_string"}}],"inLanguage":"fr-FR"}]}},"_links":{"self":[{"href":"https:\/\/www.olivegrove.gr\/fr\/wp-json\/wp\/v2\/pages\/843","targetHints":{"allow":["GET"]}}],"collection":[{"href":"https:\/\/www.olivegrove.gr\/fr\/wp-json\/wp\/v2\/pages"}],"about":[{"href":"https:\/\/www.olivegrove.gr\/fr\/wp-json\/wp\/v2\/types\/page"}],"author":[{"embeddable":true,"href":"https:\/\/www.olivegrove.gr\/fr\/wp-json\/wp\/v2\/users\/1"}],"replies":[{"embeddable":true,"href":"https:\/\/www.olivegrove.gr\/fr\/wp-json\/wp\/v2\/comments?post=843"}],"version-history":[{"count":8,"href":"https:\/\/www.olivegrove.gr\/fr\/wp-json\/wp\/v2\/pages\/843\/revisions"}],"predecessor-version":[{"id":7306,"href":"https:\/\/www.olivegrove.gr\/fr\/wp-json\/wp\/v2\/pages\/843\/revisions\/7306"}],"wp:attachment":[{"href":"https:\/\/www.olivegrove.gr\/fr\/wp-json\/wp\/v2\/media?parent=843"}],"curies":[{"name":"wp","href":"https:\/\/api.w.org\/{rel}","templated":true}]}}