{"id":847,"date":"2014-05-12T14:53:12","date_gmt":"2014-05-12T14:53:12","guid":{"rendered":"http:\/\/demo.olivegrove.gr\/?page_id=847"},"modified":"2017-03-09T15:52:43","modified_gmt":"2017-03-09T15:52:43","slug":"olives-noires-damphissa","status":"publish","type":"page","link":"https:\/\/www.olivegrove.gr\/fr\/olives-noires-damphissa\/","title":{"rendered":"Olives noires d&rsquo;Amphissa"},"content":{"rendered":"<p>[et_pb_section bb_built=\u00a0\u00bb1&Prime; admin_label=\u00a0\u00bbsection\u00a0\u00bb background_color=\u00a0\u00bb#71805d\u00a0\u00bb inner_shadow=\u00a0\u00bbon\u00a0\u00bb fullwidth=\u00a0\u00bbon\u00a0\u00bb parallax=\u00a0\u00bboff\u00a0\u00bb][et_pb_fullwidth_header admin_label=\u00a0\u00bbOlives noires d&rsquo;Amphissa\u00a0\u00bb title=\u00a0\u00bbOlives noires d&rsquo;Amphissa\u00a0\u00bb subhead=\u00a0\u00bbVari\u00e9t\u00e9s\u00a0\u00bb background_layout=\u00a0\u00bbdark\u00a0\u00bb text_orientation=\u00a0\u00bbleft\u00a0\u00bb] [\/et_pb_fullwidth_header][\/et_pb_section][et_pb_section bb_built=\u00a0\u00bb1&Prime; admin_label=\u00a0\u00bbsection\u00a0\u00bb fullwidth=\u00a0\u00bboff\u00a0\u00bb][et_pb_row admin_label=\u00a0\u00bbrow\u00a0\u00bb][et_pb_column type=\u00a0\u00bb4_4&Prime;][et_pb_text admin_label=\u00a0\u00bbOlives noires d&rsquo;Amphissa\u00a0\u00bb background_layout=\u00a0\u00bblight\u00a0\u00bb text_orientation=\u00a0\u00bbleft\u00a0\u00bb use_border_color=\u00a0\u00bboff\u00a0\u00bb border_color=\u00a0\u00bb#ffffff\u00a0\u00bb border_style=\u00a0\u00bbsolid\u00a0\u00bb]<\/p>\n<p>Olives noires d&rsquo;Amphissa se trouvent dans de nombreuses autres r\u00e9gions avec des petites variations.<\/p>\n<p>Cependant, les centres principaux de la culture de ces olives de gros calibre sont Arta, Agrinio, Volos, P\u00e9lion, Istiaia et Stylida.<\/p>\n<p>Les olives noires sont vendues aux march\u00e9s \u00e9trangers sous des noms diff\u00e9rents selon le lieu de production:<\/p>\n<ul>\n<li>olives noires d\u2019Amphissa,<\/li>\n<li>olives noires d\u2019Agrinio,<\/li>\n<li>olives noires de Volos.<\/li>\n<\/ul>\n<p>C&rsquo;est une vari\u00e9t\u00e9 d&rsquo;olives comestibles de couleur violette clair, de forme ronde avec une chair d\u00e9licieusement riche.<\/p>\n<p>[\/et_pb_text][\/et_pb_column][\/et_pb_row][et_pb_row admin_label=\u00a0\u00bbrow\u00a0\u00bb][et_pb_column type=\u00a0\u00bb4_4&Prime;][et_pb_image admin_label=\u00a0\u00bbOlives noires d&rsquo;Amphissa\u00a0\u00bb src=\u00a0\u00bb\/wp-content\/uploads\/2014\/05\/black.jpg\u00a0\u00bb alt=\u00a0\u00bbOlives noires d&rsquo;Amphissa\u00a0\u00bb url_new_window=\u00a0\u00bboff\u00a0\u00bb animation=\u00a0\u00bboff\u00a0\u00bb url=\u00a0\u00bbhttp:\/\/www.olivegrove.gr\/wp-content\/uploads\/2014\/05\/black.jpg\u00a0\u00bb show_in_lightbox=\u00a0\u00bboff\u00a0\u00bb] [\/et_pb_image][\/et_pb_column][\/et_pb_row][\/et_pb_section]<\/p>\n","protected":false},"excerpt":{"rendered":"<p>Olives noires d&rsquo;Amphissa se trouvent dans de nombreuses autres r\u00e9gions avec des petites variations. Cependant, les centres principaux de la culture de ces olives de gros calibre sont Arta, Agrinio, Volos, P\u00e9lion, Istiaia et Stylida. Les olives noires sont vendues aux march\u00e9s \u00e9trangers sous des noms diff\u00e9rents selon le lieu de production: olives noires d\u2019Amphissa, [&hellip;]<\/p>\n","protected":false},"author":1,"featured_media":0,"parent":0,"menu_order":0,"comment_status":"open","ping_status":"closed","template":"","meta":{"_et_pb_use_builder":"on","_et_pb_old_content":"","_et_gb_content_width":"","footnotes":""},"class_list":["post-847","page","type-page","status-publish","hentry"],"yoast_head":"<!-- This site is optimized with the Yoast SEO plugin v27.2 - https:\/\/yoast.com\/product\/yoast-seo-wordpress\/ -->\n<title>Olives noires d&#039;Amphissa - Ces olives se trouvent dans de...<\/title>\n<meta name=\"description\" content=\"Olives noires d&#039;Amphissa. Ces olives se trouvent dans de nombreuses autres r\u00e9gions avec des petites variations. Cependant...\" \/>\n<meta name=\"robots\" content=\"index, follow, max-snippet:-1, max-image-preview:large, max-video-preview:-1\" \/>\n<link rel=\"canonical\" href=\"https:\/\/www.olivegrove.gr\/fr\/olives-noires-damphissa\/\" \/>\n<meta property=\"og:locale\" content=\"fr_FR\" \/>\n<meta property=\"og:type\" content=\"article\" \/>\n<meta property=\"og:title\" content=\"Olives noires d&#039;Amphissa - Ces olives se trouvent dans de...\" \/>\n<meta property=\"og:description\" content=\"Olives noires d&#039;Amphissa. Ces olives se trouvent dans de nombreuses autres r\u00e9gions avec des petites variations. Cependant...\" \/>\n<meta property=\"og:url\" content=\"https:\/\/www.olivegrove.gr\/fr\/olives-noires-damphissa\/\" \/>\n<meta property=\"og:site_name\" content=\"Olive Grove\" \/>\n<meta property=\"article:modified_time\" content=\"2017-03-09T15:52:43+00:00\" \/>\n<meta name=\"twitter:label1\" content=\"Dur\u00e9e de lecture estim\u00e9e\" \/>\n\t<meta name=\"twitter:data1\" content=\"1 minute\" \/>\n<script type=\"application\/ld+json\" class=\"yoast-schema-graph\">{\"@context\":\"https:\/\/schema.org\",\"@graph\":[{\"@type\":\"WebPage\",\"@id\":\"https:\/\/www.olivegrove.gr\/fr\/olives-noires-damphissa\/\",\"url\":\"https:\/\/www.olivegrove.gr\/fr\/olives-noires-damphissa\/\",\"name\":\"Olives noires d'Amphissa - Ces olives se trouvent dans de...\",\"isPartOf\":{\"@id\":\"https:\/\/www.olivegrove.gr\/fr\/#website\"},\"datePublished\":\"2014-05-12T14:53:12+00:00\",\"dateModified\":\"2017-03-09T15:52:43+00:00\",\"description\":\"Olives noires d'Amphissa. Ces olives se trouvent dans de nombreuses autres r\u00e9gions avec des petites variations. Cependant...\",\"breadcrumb\":{\"@id\":\"https:\/\/www.olivegrove.gr\/fr\/olives-noires-damphissa\/#breadcrumb\"},\"inLanguage\":\"fr-FR\",\"potentialAction\":[{\"@type\":\"ReadAction\",\"target\":[\"https:\/\/www.olivegrove.gr\/fr\/olives-noires-damphissa\/\"]}]},{\"@type\":\"BreadcrumbList\",\"@id\":\"https:\/\/www.olivegrove.gr\/fr\/olives-noires-damphissa\/#breadcrumb\",\"itemListElement\":[{\"@type\":\"ListItem\",\"position\":1,\"name\":\"Home\",\"item\":\"https:\/\/www.olivegrove.gr\/fr\/\"},{\"@type\":\"ListItem\",\"position\":2,\"name\":\"Olives noires d&#8217;Amphissa\"}]},{\"@type\":\"WebSite\",\"@id\":\"https:\/\/www.olivegrove.gr\/fr\/#website\",\"url\":\"https:\/\/www.olivegrove.gr\/fr\/\",\"name\":\"Olive Grove\",\"description\":\"\",\"potentialAction\":[{\"@type\":\"SearchAction\",\"target\":{\"@type\":\"EntryPoint\",\"urlTemplate\":\"https:\/\/www.olivegrove.gr\/fr\/?s={search_term_string}\"},\"query-input\":{\"@type\":\"PropertyValueSpecification\",\"valueRequired\":true,\"valueName\":\"search_term_string\"}}],\"inLanguage\":\"fr-FR\"}]}<\/script>\n<!-- \/ Yoast SEO plugin. -->","yoast_head_json":{"title":"Olives noires d'Amphissa - Ces olives se trouvent dans de...","description":"Olives noires d'Amphissa. Ces olives se trouvent dans de nombreuses autres r\u00e9gions avec des petites variations. Cependant...","robots":{"index":"index","follow":"follow","max-snippet":"max-snippet:-1","max-image-preview":"max-image-preview:large","max-video-preview":"max-video-preview:-1"},"canonical":"https:\/\/www.olivegrove.gr\/fr\/olives-noires-damphissa\/","og_locale":"fr_FR","og_type":"article","og_title":"Olives noires d'Amphissa - Ces olives se trouvent dans de...","og_description":"Olives noires d'Amphissa. Ces olives se trouvent dans de nombreuses autres r\u00e9gions avec des petites variations. Cependant...","og_url":"https:\/\/www.olivegrove.gr\/fr\/olives-noires-damphissa\/","og_site_name":"Olive Grove","article_modified_time":"2017-03-09T15:52:43+00:00","twitter_misc":{"Dur\u00e9e de lecture estim\u00e9e":"1 minute"},"schema":{"@context":"https:\/\/schema.org","@graph":[{"@type":"WebPage","@id":"https:\/\/www.olivegrove.gr\/fr\/olives-noires-damphissa\/","url":"https:\/\/www.olivegrove.gr\/fr\/olives-noires-damphissa\/","name":"Olives noires d'Amphissa - Ces olives se trouvent dans de...","isPartOf":{"@id":"https:\/\/www.olivegrove.gr\/fr\/#website"},"datePublished":"2014-05-12T14:53:12+00:00","dateModified":"2017-03-09T15:52:43+00:00","description":"Olives noires d'Amphissa. Ces olives se trouvent dans de nombreuses autres r\u00e9gions avec des petites variations. Cependant...","breadcrumb":{"@id":"https:\/\/www.olivegrove.gr\/fr\/olives-noires-damphissa\/#breadcrumb"},"inLanguage":"fr-FR","potentialAction":[{"@type":"ReadAction","target":["https:\/\/www.olivegrove.gr\/fr\/olives-noires-damphissa\/"]}]},{"@type":"BreadcrumbList","@id":"https:\/\/www.olivegrove.gr\/fr\/olives-noires-damphissa\/#breadcrumb","itemListElement":[{"@type":"ListItem","position":1,"name":"Home","item":"https:\/\/www.olivegrove.gr\/fr\/"},{"@type":"ListItem","position":2,"name":"Olives noires d&#8217;Amphissa"}]},{"@type":"WebSite","@id":"https:\/\/www.olivegrove.gr\/fr\/#website","url":"https:\/\/www.olivegrove.gr\/fr\/","name":"Olive Grove","description":"","potentialAction":[{"@type":"SearchAction","target":{"@type":"EntryPoint","urlTemplate":"https:\/\/www.olivegrove.gr\/fr\/?s={search_term_string}"},"query-input":{"@type":"PropertyValueSpecification","valueRequired":true,"valueName":"search_term_string"}}],"inLanguage":"fr-FR"}]}},"_links":{"self":[{"href":"https:\/\/www.olivegrove.gr\/fr\/wp-json\/wp\/v2\/pages\/847","targetHints":{"allow":["GET"]}}],"collection":[{"href":"https:\/\/www.olivegrove.gr\/fr\/wp-json\/wp\/v2\/pages"}],"about":[{"href":"https:\/\/www.olivegrove.gr\/fr\/wp-json\/wp\/v2\/types\/page"}],"author":[{"embeddable":true,"href":"https:\/\/www.olivegrove.gr\/fr\/wp-json\/wp\/v2\/users\/1"}],"replies":[{"embeddable":true,"href":"https:\/\/www.olivegrove.gr\/fr\/wp-json\/wp\/v2\/comments?post=847"}],"version-history":[{"count":7,"href":"https:\/\/www.olivegrove.gr\/fr\/wp-json\/wp\/v2\/pages\/847\/revisions"}],"predecessor-version":[{"id":7305,"href":"https:\/\/www.olivegrove.gr\/fr\/wp-json\/wp\/v2\/pages\/847\/revisions\/7305"}],"wp:attachment":[{"href":"https:\/\/www.olivegrove.gr\/fr\/wp-json\/wp\/v2\/media?parent=847"}],"curies":[{"name":"wp","href":"https:\/\/api.w.org\/{rel}","templated":true}]}}