{"id":853,"date":"2014-05-12T15:05:28","date_gmt":"2014-05-12T15:05:28","guid":{"rendered":"http:\/\/demo.olivegrove.gr\/?page_id=853"},"modified":"2017-03-09T17:20:32","modified_gmt":"2017-03-09T17:20:32","slug":"emballage","status":"publish","type":"page","link":"https:\/\/www.olivegrove.gr\/fr\/emballage\/","title":{"rendered":"Emballage"},"content":{"rendered":"<p>[et_pb_section bb_built=\u00a0\u00bb1&Prime; admin_label=\u00a0\u00bbsection\u00a0\u00bb background_color=\u00a0\u00bb#94a294&Prime; inner_shadow=\u00a0\u00bbon\u00a0\u00bb fullwidth=\u00a0\u00bbon\u00a0\u00bb parallax=\u00a0\u00bboff\u00a0\u00bb][et_pb_fullwidth_header admin_label=\u00a0\u00bbEmballage\u00a0\u00bb title=\u00a0\u00bbEmballage\u00a0\u00bb background_layout=\u00a0\u00bbdark\u00a0\u00bb text_orientation=\u00a0\u00bbleft\u00a0\u00bb] [\/et_pb_fullwidth_header][\/et_pb_section][et_pb_section bb_built=\u00a0\u00bb1&Prime; admin_label=\u00a0\u00bbsection\u00a0\u00bb fullwidth=\u00a0\u00bboff\u00a0\u00bb][et_pb_row admin_label=\u00a0\u00bbrow\u00a0\u00bb][et_pb_column type=\u00a0\u00bb4_4&Prime;][et_pb_text admin_label=\u00a0\u00bbText\u00a0\u00bb background_layout=\u00a0\u00bblight\u00a0\u00bb text_orientation=\u00a0\u00bbleft\u00a0\u00bb use_border_color=\u00a0\u00bboff\u00a0\u00bb border_color=\u00a0\u00bb#ffffff\u00a0\u00bb border_style=\u00a0\u00bbsolid\u00a0\u00bb]<\/p>\n<p>Les emballages d&rsquo; Olive Grove sont pr\u00e9sent\u00e9s dans le tableau suivant. Tous les emballages sont certifi\u00e9s.<\/p>\n\n<table id=\"tablepress-9\" class=\"tablepress tablepress-id-9 tbody-has-connected-cells\" aria-describedby=\"tablepress-9-description\">\n<thead>\n<tr class=\"row-1\">\n\t<th colspan=\"2\" class=\"column-1\">Item<\/th><th class=\"column-3\">Volume<\/th><th class=\"column-4\">Enti\u00e8res<\/th><th class=\"column-5\">D\u00e9noyaut\u00e9es<\/th><th class=\"column-6\">Farcies<\/th><th class=\"column-7\">Emballage<\/th><th class=\"column-8\">Poids brut<\/th>\n<\/tr>\n<\/thead>\n<tbody class=\"row-striping row-hover\">\n<tr class=\"row-2\">\n\t<td rowspan=\"2\" class=\"column-1\">Bo\u00eetes de conserve<\/td><td class=\"column-2\">1<\/td><td class=\"column-3\">-<\/td><td class=\"column-4\">5 kg<\/td><td class=\"column-5\">4.5 kg<\/td><td class=\"column-6\">5 kg<\/td><td rowspan=\"2\" class=\"column-7\"><\/td><td class=\"column-8\">8.5 kg<\/td>\n<\/tr>\n<tr class=\"row-3\">\n\t<td class=\"column-2\">2<\/td><td class=\"column-3\">-<\/td><td class=\"column-4\">13 kg<\/td><td class=\"column-5\">10 kg<\/td><td class=\"column-6\">13 kg<\/td><td class=\"column-8\">20kg<\/td>\n<\/tr>\n<tr class=\"row-4\">\n\t<td rowspan=\"6\" class=\"column-1\">F\u00fbts en plastique<\/td><td class=\"column-2\">3<\/td><td class=\"column-3\">3.3 lt<\/td><td class=\"column-4\">2 kg<\/td><td class=\"column-5\">1.9 kg<\/td><td class=\"column-6\">2 kg<\/td><td class=\"column-7\">6x2 kg \/ Carton<\/td><td class=\"column-8\">20 kg<\/td>\n<\/tr>\n<tr class=\"row-5\">\n\t<td class=\"column-2\">4<\/td><td class=\"column-3\">5 lt<\/td><td class=\"column-4\">3 kg<\/td><td class=\"column-5\">2.5 kg<\/td><td class=\"column-6\">3 kg<\/td><td class=\"column-7\">2x3 kg \/ Carton<\/td><td class=\"column-8\">10 kg<\/td>\n<\/tr>\n<tr class=\"row-6\">\n\t<td class=\"column-2\">5<\/td><td class=\"column-3\">8 lt<\/td><td class=\"column-4\">5 kg<\/td><td class=\"column-5\">4.5 kg<\/td><td class=\"column-6\">5 kg<\/td><td rowspan=\"4\" class=\"column-7\"><\/td><td class=\"column-8\">8.5 kg<\/td>\n<\/tr>\n<tr class=\"row-7\">\n\t<td class=\"column-2\">6<\/td><td class=\"column-3\">20 lt<\/td><td class=\"column-4\">13 kg<\/td><td class=\"column-5\">10 kg<\/td><td class=\"column-6\">13 kg<\/td><td class=\"column-8\">20 kg<\/td>\n<\/tr>\n<tr class=\"row-8\">\n\t<td class=\"column-2\">7<\/td><td class=\"column-3\">200 lt<\/td><td class=\"column-4\">130 kg<\/td><td class=\"column-5\">110 kg<\/td><td class=\"column-6\">130 kg<\/td><td class=\"column-8\">200 kg<\/td>\n<\/tr>\n<tr class=\"row-9\">\n\t<td class=\"column-2\">8<\/td><td class=\"column-3\">220 lt<\/td><td class=\"column-4\">150 kg<\/td><td class=\"column-5\">130 kg<\/td><td class=\"column-6\">150 kg<\/td><td class=\"column-8\">228 kg<\/td>\n<\/tr>\n<tr class=\"row-10\">\n\t<td rowspan=\"4\" class=\"column-1\">F\u00fbts en plastique (PET)<\/td><td class=\"column-2\">1<\/td><td class=\"column-3\">1.5 lt<\/td><td class=\"column-4\">1 kg<\/td><td class=\"column-5\">0.85 kg<\/td><td class=\"column-6\">2 kg<\/td><td class=\"column-7\">12x1 kg \/ Carton<\/td><td class=\"column-8\">25 kg<\/td>\n<\/tr>\n<tr class=\"row-11\">\n\t<td class=\"column-2\">2<\/td><td class=\"column-3\">3.3 lt<\/td><td class=\"column-4\">2 kg<\/td><td class=\"column-5\">1.9 kg<\/td><td class=\"column-6\">2 kg<\/td><td class=\"column-7\">6x2 kg \/ Carton<\/td><td class=\"column-8\">20 kg<\/td>\n<\/tr>\n<tr class=\"row-12\">\n\t<td class=\"column-2\">3<\/td><td class=\"column-3\">5 lt<\/td><td class=\"column-4\">3 kg<\/td><td class=\"column-5\">2.5 kg<\/td><td class=\"column-6\">3 kg<\/td><td class=\"column-7\">2x3 kg \/ Carton<\/td><td class=\"column-8\">10 kg<\/td>\n<\/tr>\n<tr class=\"row-13\">\n\t<td class=\"column-2\">4<\/td><td class=\"column-3\">8 lt<\/td><td class=\"column-4\">5 kg<\/td><td class=\"column-5\">4.5 kg<\/td><td class=\"column-6\">5 kg<\/td><td class=\"column-7\">2x5 kg \/ Carton<\/td><td class=\"column-8\">18 kg<\/td>\n<\/tr>\n<\/tbody>\n<\/table>\n<span id=\"tablepress-9-description\" class=\"tablepress-table-description tablepress-table-description-id-9\">* tout autre emballage requis<br \/>\n* tous certifi\u00e9s<\/span>\n<!-- #tablepress-9 from cache -->\n<p>[\/et_pb_text][\/et_pb_column][\/et_pb_row][\/et_pb_section]<\/p>\n","protected":false},"excerpt":{"rendered":"<p>Les emballages d&rsquo; Olive Grove sont pr\u00e9sent\u00e9s dans le tableau suivant. Tous les emballages sont certifi\u00e9s. \n<table id=\"tablepress-9-no-2\" class=\"tablepress tablepress-id-9 tbody-has-connected-cells\" aria-describedby=\"tablepress-9-no-2-description\">\n<thead>\n<tr class=\"row-1\">\n\t<th colspan=\"2\" class=\"column-1\">Item<\/th><th class=\"column-3\">Volume<\/th><th class=\"column-4\">Enti\u00e8res<\/th><th class=\"column-5\">D\u00e9noyaut\u00e9es<\/th><th class=\"column-6\">Farcies<\/th><th class=\"column-7\">Emballage<\/th><th class=\"column-8\">Poids brut<\/th>\n<\/tr>\n<\/thead>\n<tbody class=\"row-striping row-hover\">\n<tr class=\"row-2\">\n\t<td rowspan=\"2\" class=\"column-1\">Bo\u00eetes de conserve<\/td><td class=\"column-2\">1<\/td><td class=\"column-3\">-<\/td><td class=\"column-4\">5 kg<\/td><td class=\"column-5\">4.5 kg<\/td><td class=\"column-6\">5 kg<\/td><td rowspan=\"2\" class=\"column-7\"><\/td><td class=\"column-8\">8.5 kg<\/td>\n<\/tr>\n<tr class=\"row-3\">\n\t<td class=\"column-2\">2<\/td><td class=\"column-3\">-<\/td><td class=\"column-4\">13 kg<\/td><td class=\"column-5\">10 kg<\/td><td class=\"column-6\">13 kg<\/td><td class=\"column-8\">20kg<\/td>\n<\/tr>\n<tr class=\"row-4\">\n\t<td rowspan=\"6\" class=\"column-1\">F\u00fbts en plastique<\/td><td class=\"column-2\">3<\/td><td class=\"column-3\">3.3 lt<\/td><td class=\"column-4\">2 kg<\/td><td class=\"column-5\">1.9 kg<\/td><td class=\"column-6\">2 kg<\/td><td class=\"column-7\">6x2 kg \/ Carton<\/td><td class=\"column-8\">20 kg<\/td>\n<\/tr>\n<tr class=\"row-5\">\n\t<td class=\"column-2\">4<\/td><td class=\"column-3\">5 lt<\/td><td class=\"column-4\">3 kg<\/td><td class=\"column-5\">2.5 kg<\/td><td class=\"column-6\">3 kg<\/td><td class=\"column-7\">2x3 kg \/ Carton<\/td><td class=\"column-8\">10 kg<\/td>\n<\/tr>\n<tr class=\"row-6\">\n\t<td class=\"column-2\">5<\/td><td class=\"column-3\">8 lt<\/td><td class=\"column-4\">5 kg<\/td><td class=\"column-5\">4.5 kg<\/td><td class=\"column-6\">5 kg<\/td><td rowspan=\"4\" class=\"column-7\"><\/td><td class=\"column-8\">8.5 kg<\/td>\n<\/tr>\n<tr class=\"row-7\">\n\t<td class=\"column-2\">6<\/td><td class=\"column-3\">20 lt<\/td><td class=\"column-4\">13 kg<\/td><td class=\"column-5\">10 kg<\/td><td class=\"column-6\">13 kg<\/td><td class=\"column-8\">20 kg<\/td>\n<\/tr>\n<tr class=\"row-8\">\n\t<td class=\"column-2\">7<\/td><td class=\"column-3\">200 lt<\/td><td class=\"column-4\">130 kg<\/td><td class=\"column-5\">110 kg<\/td><td class=\"column-6\">130 kg<\/td><td class=\"column-8\">200 kg<\/td>\n<\/tr>\n<tr class=\"row-9\">\n\t<td class=\"column-2\">8<\/td><td class=\"column-3\">220 lt<\/td><td class=\"column-4\">150 kg<\/td><td class=\"column-5\">130 kg<\/td><td class=\"column-6\">150 kg<\/td><td class=\"column-8\">228 kg<\/td>\n<\/tr>\n<tr class=\"row-10\">\n\t<td rowspan=\"4\" class=\"column-1\">F\u00fbts en plastique (PET)<\/td><td class=\"column-2\">1<\/td><td class=\"column-3\">1.5 lt<\/td><td class=\"column-4\">1 kg<\/td><td class=\"column-5\">0.85 kg<\/td><td class=\"column-6\">2 kg<\/td><td class=\"column-7\">12x1 kg \/ Carton<\/td><td class=\"column-8\">25 kg<\/td>\n<\/tr>\n<tr class=\"row-11\">\n\t<td class=\"column-2\">2<\/td><td class=\"column-3\">3.3 lt<\/td><td class=\"column-4\">2 kg<\/td><td class=\"column-5\">1.9 kg<\/td><td class=\"column-6\">2 kg<\/td><td class=\"column-7\">6x2 kg \/ Carton<\/td><td class=\"column-8\">20 kg<\/td>\n<\/tr>\n<tr class=\"row-12\">\n\t<td class=\"column-2\">3<\/td><td class=\"column-3\">5 lt<\/td><td class=\"column-4\">3 kg<\/td><td class=\"column-5\">2.5 kg<\/td><td class=\"column-6\">3 kg<\/td><td class=\"column-7\">2x3 kg \/ Carton<\/td><td class=\"column-8\">10 kg<\/td>\n<\/tr>\n<tr class=\"row-13\">\n\t<td class=\"column-2\">4<\/td><td class=\"column-3\">8 lt<\/td><td class=\"column-4\">5 kg<\/td><td class=\"column-5\">4.5 kg<\/td><td class=\"column-6\">5 kg<\/td><td class=\"column-7\">2x5 kg \/ Carton<\/td><td class=\"column-8\">18 kg<\/td>\n<\/tr>\n<\/tbody>\n<\/table>\n<span id=\"tablepress-9-no-2-description\" class=\"tablepress-table-description tablepress-table-description-id-9\">* tout autre emballage requis<br \/>\n* tous certifi\u00e9s<\/span>\n<\/p>\n","protected":false},"author":1,"featured_media":0,"parent":0,"menu_order":0,"comment_status":"open","ping_status":"closed","template":"","meta":{"_et_pb_use_builder":"on","_et_pb_old_content":"<p>This is an example page. It's different from a blog post because it will stay in one place and will show up in your site navigation (in most themes). Most people start with an About page that introduces them to potential site visitors. It might say something like this:<\/p><blockquote><p>Hi there! I'm a bike messenger by day, aspiring actor by night, and this is my blog. I live in Los Angeles, have a great dog named Jack, and I like pi\u00f1a coladas. (And gettin' caught in the rain.)<\/p><\/blockquote><p>...or something like this:<\/p><blockquote><p>The XYZ Doohickey Company was founded in 1971, and has been providing quality doohickeys to the public ever since. Located in Gotham City, XYZ employs over 2,000 people and does all kinds of awesome things for the Gotham community.<\/p><\/blockquote><p>As a new WordPress user, you should go to <a href=\"http:\/\/localhost\/wordpress-3.8\/wordpress\/wp-admin\/\">your dashboard<\/a> to delete this page and create new pages for your content. Have fun!<\/p>","_et_gb_content_width":"","footnotes":""},"class_list":["post-853","page","type-page","status-publish","hentry"],"yoast_head":"<!-- This site is optimized with the Yoast SEO plugin v27.2 - https:\/\/yoast.com\/product\/yoast-seo-wordpress\/ -->\n<title>Emballages, Olive Grove, E. Kalamida &amp; Co., Emballage<\/title>\n<meta name=\"description\" content=\"Les emballages d&#039; Olive Grove sont pr\u00e9sent\u00e9s dans le tableau suivant. Tous les emballages sont certifi\u00e9s. Les emballages d&#039; Olive Grove sont...\" \/>\n<meta name=\"robots\" content=\"index, follow, max-snippet:-1, max-image-preview:large, max-video-preview:-1\" \/>\n<link rel=\"canonical\" href=\"https:\/\/www.olivegrove.gr\/fr\/emballage\/\" \/>\n<meta property=\"og:locale\" content=\"fr_FR\" \/>\n<meta property=\"og:type\" content=\"article\" \/>\n<meta property=\"og:title\" content=\"Emballages, Olive Grove, E. Kalamida &amp; Co., Emballage\" \/>\n<meta property=\"og:description\" content=\"Les emballages d&#039; Olive Grove sont pr\u00e9sent\u00e9s dans le tableau suivant. Tous les emballages sont certifi\u00e9s. Les emballages d&#039; Olive Grove sont...\" \/>\n<meta property=\"og:url\" content=\"https:\/\/www.olivegrove.gr\/fr\/emballage\/\" \/>\n<meta property=\"og:site_name\" content=\"Olive Grove\" \/>\n<meta property=\"article:modified_time\" content=\"2017-03-09T17:20:32+00:00\" \/>\n<meta name=\"twitter:label1\" content=\"Dur\u00e9e de lecture estim\u00e9e\" \/>\n\t<meta name=\"twitter:data1\" content=\"1 minute\" \/>\n<script type=\"application\/ld+json\" class=\"yoast-schema-graph\">{\"@context\":\"https:\/\/schema.org\",\"@graph\":[{\"@type\":\"WebPage\",\"@id\":\"https:\/\/www.olivegrove.gr\/fr\/emballage\/\",\"url\":\"https:\/\/www.olivegrove.gr\/fr\/emballage\/\",\"name\":\"Emballages, Olive Grove, E. Kalamida & Co., Emballage\",\"isPartOf\":{\"@id\":\"https:\/\/www.olivegrove.gr\/fr\/#website\"},\"datePublished\":\"2014-05-12T15:05:28+00:00\",\"dateModified\":\"2017-03-09T17:20:32+00:00\",\"description\":\"Les emballages d' Olive Grove sont pr\u00e9sent\u00e9s dans le tableau suivant. Tous les emballages sont certifi\u00e9s. Les emballages d' Olive Grove sont...\",\"breadcrumb\":{\"@id\":\"https:\/\/www.olivegrove.gr\/fr\/emballage\/#breadcrumb\"},\"inLanguage\":\"fr-FR\",\"potentialAction\":[{\"@type\":\"ReadAction\",\"target\":[\"https:\/\/www.olivegrove.gr\/fr\/emballage\/\"]}]},{\"@type\":\"BreadcrumbList\",\"@id\":\"https:\/\/www.olivegrove.gr\/fr\/emballage\/#breadcrumb\",\"itemListElement\":[{\"@type\":\"ListItem\",\"position\":1,\"name\":\"Home\",\"item\":\"https:\/\/www.olivegrove.gr\/fr\/\"},{\"@type\":\"ListItem\",\"position\":2,\"name\":\"Emballage\"}]},{\"@type\":\"WebSite\",\"@id\":\"https:\/\/www.olivegrove.gr\/fr\/#website\",\"url\":\"https:\/\/www.olivegrove.gr\/fr\/\",\"name\":\"Olive Grove\",\"description\":\"\",\"potentialAction\":[{\"@type\":\"SearchAction\",\"target\":{\"@type\":\"EntryPoint\",\"urlTemplate\":\"https:\/\/www.olivegrove.gr\/fr\/?s={search_term_string}\"},\"query-input\":{\"@type\":\"PropertyValueSpecification\",\"valueRequired\":true,\"valueName\":\"search_term_string\"}}],\"inLanguage\":\"fr-FR\"}]}<\/script>\n<!-- \/ Yoast SEO plugin. -->","yoast_head_json":{"title":"Emballages, Olive Grove, E. Kalamida & Co., Emballage","description":"Les emballages d' Olive Grove sont pr\u00e9sent\u00e9s dans le tableau suivant. Tous les emballages sont certifi\u00e9s. Les emballages d' Olive Grove sont...","robots":{"index":"index","follow":"follow","max-snippet":"max-snippet:-1","max-image-preview":"max-image-preview:large","max-video-preview":"max-video-preview:-1"},"canonical":"https:\/\/www.olivegrove.gr\/fr\/emballage\/","og_locale":"fr_FR","og_type":"article","og_title":"Emballages, Olive Grove, E. Kalamida & Co., Emballage","og_description":"Les emballages d' Olive Grove sont pr\u00e9sent\u00e9s dans le tableau suivant. Tous les emballages sont certifi\u00e9s. Les emballages d' Olive Grove sont...","og_url":"https:\/\/www.olivegrove.gr\/fr\/emballage\/","og_site_name":"Olive Grove","article_modified_time":"2017-03-09T17:20:32+00:00","twitter_misc":{"Dur\u00e9e de lecture estim\u00e9e":"1 minute"},"schema":{"@context":"https:\/\/schema.org","@graph":[{"@type":"WebPage","@id":"https:\/\/www.olivegrove.gr\/fr\/emballage\/","url":"https:\/\/www.olivegrove.gr\/fr\/emballage\/","name":"Emballages, Olive Grove, E. Kalamida & Co., Emballage","isPartOf":{"@id":"https:\/\/www.olivegrove.gr\/fr\/#website"},"datePublished":"2014-05-12T15:05:28+00:00","dateModified":"2017-03-09T17:20:32+00:00","description":"Les emballages d' Olive Grove sont pr\u00e9sent\u00e9s dans le tableau suivant. Tous les emballages sont certifi\u00e9s. Les emballages d' Olive Grove sont...","breadcrumb":{"@id":"https:\/\/www.olivegrove.gr\/fr\/emballage\/#breadcrumb"},"inLanguage":"fr-FR","potentialAction":[{"@type":"ReadAction","target":["https:\/\/www.olivegrove.gr\/fr\/emballage\/"]}]},{"@type":"BreadcrumbList","@id":"https:\/\/www.olivegrove.gr\/fr\/emballage\/#breadcrumb","itemListElement":[{"@type":"ListItem","position":1,"name":"Home","item":"https:\/\/www.olivegrove.gr\/fr\/"},{"@type":"ListItem","position":2,"name":"Emballage"}]},{"@type":"WebSite","@id":"https:\/\/www.olivegrove.gr\/fr\/#website","url":"https:\/\/www.olivegrove.gr\/fr\/","name":"Olive Grove","description":"","potentialAction":[{"@type":"SearchAction","target":{"@type":"EntryPoint","urlTemplate":"https:\/\/www.olivegrove.gr\/fr\/?s={search_term_string}"},"query-input":{"@type":"PropertyValueSpecification","valueRequired":true,"valueName":"search_term_string"}}],"inLanguage":"fr-FR"}]}},"_links":{"self":[{"href":"https:\/\/www.olivegrove.gr\/fr\/wp-json\/wp\/v2\/pages\/853","targetHints":{"allow":["GET"]}}],"collection":[{"href":"https:\/\/www.olivegrove.gr\/fr\/wp-json\/wp\/v2\/pages"}],"about":[{"href":"https:\/\/www.olivegrove.gr\/fr\/wp-json\/wp\/v2\/types\/page"}],"author":[{"embeddable":true,"href":"https:\/\/www.olivegrove.gr\/fr\/wp-json\/wp\/v2\/users\/1"}],"replies":[{"embeddable":true,"href":"https:\/\/www.olivegrove.gr\/fr\/wp-json\/wp\/v2\/comments?post=853"}],"version-history":[{"count":28,"href":"https:\/\/www.olivegrove.gr\/fr\/wp-json\/wp\/v2\/pages\/853\/revisions"}],"predecessor-version":[{"id":7307,"href":"https:\/\/www.olivegrove.gr\/fr\/wp-json\/wp\/v2\/pages\/853\/revisions\/7307"}],"wp:attachment":[{"href":"https:\/\/www.olivegrove.gr\/fr\/wp-json\/wp\/v2\/media?parent=853"}],"curies":[{"name":"wp","href":"https:\/\/api.w.org\/{rel}","templated":true}]}}