{"id":860,"date":"2014-05-12T15:15:39","date_gmt":"2014-05-12T15:15:39","guid":{"rendered":"http:\/\/demo.olivegrove.gr\/?page_id=860"},"modified":"2023-01-24T13:02:25","modified_gmt":"2023-01-24T11:02:25","slug":"qualite","status":"publish","type":"page","link":"https:\/\/www.olivegrove.gr\/fr\/qualite\/","title":{"rendered":"Qualit\u00e9"},"content":{"rendered":"<p>[et_pb_section fb_built=\u00a0\u00bb1&Prime; inner_shadow=\u00a0\u00bbon\u00a0\u00bb fullwidth=\u00a0\u00bbon\u00a0\u00bb admin_label=\u00a0\u00bbsection\u00a0\u00bb _builder_version=\u00a0\u00bb4.16&Prime; background_color=\u00a0\u00bb#bdcbb5&Prime; global_colors_info=\u00a0\u00bb{}\u00a0\u00bb][et_pb_fullwidth_header title=\u00a0\u00bbQualit\u00e9\u00a0\u00bb content_max_width=\u00a0\u00bbnone\u00a0\u00bb admin_label=\u00a0\u00bbQualit\u00e9\u00a0\u00bb _builder_version=\u00a0\u00bb4.16&Prime; background_color=\u00a0\u00bbrgba(255, 255, 255, 0)\u00a0\u00bb global_colors_info=\u00a0\u00bb{}\u00a0\u00bb button_one_text_size__hover_enabled=\u00a0\u00bboff\u00a0\u00bb button_two_text_size__hover_enabled=\u00a0\u00bboff\u00a0\u00bb button_one_text_color__hover_enabled=\u00a0\u00bboff\u00a0\u00bb button_two_text_color__hover_enabled=\u00a0\u00bboff\u00a0\u00bb button_one_border_width__hover_enabled=\u00a0\u00bboff\u00a0\u00bb button_two_border_width__hover_enabled=\u00a0\u00bboff\u00a0\u00bb button_one_border_color__hover_enabled=\u00a0\u00bboff\u00a0\u00bb button_two_border_color__hover_enabled=\u00a0\u00bboff\u00a0\u00bb button_one_border_radius__hover_enabled=\u00a0\u00bboff\u00a0\u00bb button_two_border_radius__hover_enabled=\u00a0\u00bboff\u00a0\u00bb button_one_letter_spacing__hover_enabled=\u00a0\u00bboff\u00a0\u00bb button_two_letter_spacing__hover_enabled=\u00a0\u00bboff\u00a0\u00bb button_one_bg_color__hover_enabled=\u00a0\u00bboff\u00a0\u00bb button_two_bg_color__hover_enabled=\u00a0\u00bboff\u00a0\u00bb] [\/et_pb_fullwidth_header][\/et_pb_section][et_pb_section fb_built=\u00a0\u00bb1&Prime; admin_label=\u00a0\u00bbsection\u00a0\u00bb _builder_version=\u00a0\u00bb4.16&Prime; global_colors_info=\u00a0\u00bb{}\u00a0\u00bb][et_pb_row admin_label=\u00a0\u00bbrow\u00a0\u00bb _builder_version=\u00a0\u00bb4.16&Prime; background_size=\u00a0\u00bbinitial\u00a0\u00bb background_position=\u00a0\u00bbtop_left\u00a0\u00bb background_repeat=\u00a0\u00bbrepeat\u00a0\u00bb global_colors_info=\u00a0\u00bb{}\u00a0\u00bb][et_pb_column type=\u00a0\u00bb4_4&Prime; _builder_version=\u00a0\u00bb4.16&Prime; custom_padding=\u00a0\u00bb|||\u00a0\u00bb global_colors_info=\u00a0\u00bb{}\u00a0\u00bb custom_padding__hover=\u00a0\u00bb|||\u00a0\u00bb][et_pb_text admin_label=\u00a0\u00bbText\u00a0\u00bb _builder_version=\u00a0\u00bb4.16&Prime; background_size=\u00a0\u00bbinitial\u00a0\u00bb background_position=\u00a0\u00bbtop_left\u00a0\u00bb background_repeat=\u00a0\u00bbrepeat\u00a0\u00bb global_colors_info=\u00a0\u00bb{}\u00a0\u00bb]<span id=\"result_box\" lang=\"fr\">Notre entreprise est certifi\u00e9e avec les syst\u00e8mes de qualit\u00e9 suivants.<br \/>\n<\/span><br \/>\n[\/et_pb_text][\/et_pb_column][\/et_pb_row][et_pb_row column_structure=\u00a0\u00bb1_2,1_2&Prime; admin_label=\u00a0\u00bbrow\u00a0\u00bb _builder_version=\u00a0\u00bb4.16&Prime; background_size=\u00a0\u00bbinitial\u00a0\u00bb background_position=\u00a0\u00bbtop_left\u00a0\u00bb background_repeat=\u00a0\u00bbrepeat\u00a0\u00bb global_colors_info=\u00a0\u00bb{}\u00a0\u00bb][et_pb_column type=\u00a0\u00bb1_2&Prime; _builder_version=\u00a0\u00bb4.16&Prime; custom_padding=\u00a0\u00bb|||\u00a0\u00bb global_colors_info=\u00a0\u00bb{}\u00a0\u00bb custom_padding__hover=\u00a0\u00bb|||\u00a0\u00bb][et_pb_image src=\u00a0\u00bb\/wp-content\/uploads\/2014\/05\/agrocert_certificate_en.jpg\u00a0\u00bb alt=\u00a0\u00bbQualit\u00e9 Certification Agrocert\u00a0\u00bb url=\u00a0\u00bbhttps:\/\/www.olivegrove.gr\/wp-content\/uploads\/2014\/05\/agrocert_certificate_en.jpg\u00a0\u00bb align_tablet=\u00a0\u00bbcenter\u00a0\u00bb align_phone=\u00a0\u00bbcenter\u00a0\u00bb align_last_edited=\u00a0\u00bbon|desktop\u00a0\u00bb admin_label=\u00a0\u00bbCertification Agrocert\u00a0\u00bb _builder_version=\u00a0\u00bb4.16&Prime; use_border_color=\u00a0\u00bboff\u00a0\u00bb border_color=\u00a0\u00bb#ffffff\u00a0\u00bb border_style=\u00a0\u00bbsolid\u00a0\u00bb animation=\u00a0\u00bboff\u00a0\u00bb sticky=\u00a0\u00bboff\u00a0\u00bb always_center_on_mobile=\u00a0\u00bbon\u00a0\u00bb global_colors_info=\u00a0\u00bb{}\u00a0\u00bb] [\/et_pb_image][\/et_pb_column][et_pb_column type=\u00a0\u00bb1_2&Prime; _builder_version=\u00a0\u00bb4.16&Prime; custom_padding=\u00a0\u00bb|||\u00a0\u00bb global_colors_info=\u00a0\u00bb{}\u00a0\u00bb custom_padding__hover=\u00a0\u00bb|||\u00a0\u00bb][et_pb_image src=\u00a0\u00bbhttps:\/\/www.olivegrove.gr\/wp-content\/uploads\/tuv_2023-fr.jpg\u00a0\u00bb alt=\u00a0\u00bbTUV Certificat\u00a0\u00bb title_text=\u00a0\u00bbTUV Certificat\u00a0\u00bb url=\u00a0\u00bbhttps:\/\/www.olivegrove.gr\/wp-content\/uploads\/tuv_2023-fr.jpg\u00a0\u00bb align_tablet=\u00a0\u00bbcenter\u00a0\u00bb align_phone=\u00a0\u00bbcenter\u00a0\u00bb align_last_edited=\u00a0\u00bbon|desktop\u00a0\u00bb admin_label=\u00a0\u00bbCertification TUV Nord\u00a0\u00bb _builder_version=\u00a0\u00bb4.19.1&Prime; use_border_color=\u00a0\u00bboff\u00a0\u00bb border_color=\u00a0\u00bb#ffffff\u00a0\u00bb border_width=\u00a0\u00bb1&Prime; border_style=\u00a0\u00bbsolid\u00a0\u00bb animation=\u00a0\u00bboff\u00a0\u00bb sticky=\u00a0\u00bboff\u00a0\u00bb always_center_on_mobile=\u00a0\u00bbon\u00a0\u00bb global_colors_info=\u00a0\u00bb{}\u00a0\u00bb] [\/et_pb_image][\/et_pb_column][\/et_pb_row][et_pb_row _builder_version=\u00a0\u00bb4.19.1&Prime; _module_preset=\u00a0\u00bbdefault\u00a0\u00bb global_colors_info=\u00a0\u00bb{}\u00a0\u00bb][et_pb_column type=\u00a0\u00bb4_4&Prime; _builder_version=\u00a0\u00bb4.19.1&Prime; _module_preset=\u00a0\u00bbdefault\u00a0\u00bb global_colors_info=\u00a0\u00bb{}\u00a0\u00bb][et_pb_image src=\u00a0\u00bbhttps:\/\/www.olivegrove.gr\/wp-content\/uploads\/kosher-2023.jpg\u00a0\u00bb alt=\u00a0\u00bbCertificat Kosher\u00a0\u00bb title_text=\u00a0\u00bbCertificat Kosher\u00a0\u00bb url=\u00a0\u00bbhttps:\/\/www.olivegrove.gr\/wp-content\/uploads\/kosher-2023.jpg\u00a0\u00bb align_tablet=\u00a0\u00bbcenter\u00a0\u00bb align_phone=\u00a0\u00bbcenter\u00a0\u00bb align_last_edited=\u00a0\u00bbon|desktop\u00a0\u00bb admin_label=\u00a0\u00bbCertification Kosher\u00a0\u00bb _builder_version=\u00a0\u00bb4.19.1&Prime; hover_enabled=\u00a0\u00bb0&Prime; use_border_color=\u00a0\u00bboff\u00a0\u00bb border_color=\u00a0\u00bb#ffffff\u00a0\u00bb border_width=\u00a0\u00bb1&Prime; border_style=\u00a0\u00bbsolid\u00a0\u00bb animation=\u00a0\u00bboff\u00a0\u00bb sticky=\u00a0\u00bboff\u00a0\u00bb always_center_on_mobile=\u00a0\u00bbon\u00a0\u00bb global_colors_info=\u00a0\u00bb{}\u00a0\u00bb sticky_enabled=\u00a0\u00bb0&Prime;] [\/et_pb_image][\/et_pb_column][\/et_pb_row][\/et_pb_section]<\/p>\n","protected":false},"excerpt":{"rendered":"<p>Notre entreprise est certifi\u00e9e avec les syst\u00e8mes de qualit\u00e9 suivants.<\/p>\n","protected":false},"author":1,"featured_media":0,"parent":0,"menu_order":0,"comment_status":"open","ping_status":"closed","template":"","meta":{"_et_pb_use_builder":"on","_et_pb_old_content":"","_et_gb_content_width":"","footnotes":""},"class_list":["post-860","page","type-page","status-publish","hentry"],"yoast_head":"<!-- This site is optimized with the Yoast SEO plugin v27.2 - https:\/\/yoast.com\/product\/yoast-seo-wordpress\/ -->\n<title>Qualit\u00e9 - Notre entreprise est certifi\u00e9e avec les syst\u00e8mes...<\/title>\n<meta name=\"description\" content=\"Qualit\u00e9. Notre entreprise est certifi\u00e9e avec les syst\u00e8mes de qualit\u00e9 suivants. Olive Grove. E. Kalamida &amp; Co., Nea Moudania, Chalkidiki\" \/>\n<meta name=\"robots\" content=\"index, follow, max-snippet:-1, max-image-preview:large, max-video-preview:-1\" \/>\n<link rel=\"canonical\" href=\"https:\/\/www.olivegrove.gr\/fr\/qualite\/\" \/>\n<meta property=\"og:locale\" content=\"fr_FR\" \/>\n<meta property=\"og:type\" content=\"article\" \/>\n<meta property=\"og:title\" content=\"Qualit\u00e9 - Notre entreprise est certifi\u00e9e avec les syst\u00e8mes...\" \/>\n<meta property=\"og:description\" content=\"Qualit\u00e9. Notre entreprise est certifi\u00e9e avec les syst\u00e8mes de qualit\u00e9 suivants. Olive Grove. E. Kalamida &amp; Co., Nea Moudania, Chalkidiki\" \/>\n<meta property=\"og:url\" content=\"https:\/\/www.olivegrove.gr\/fr\/qualite\/\" \/>\n<meta property=\"og:site_name\" content=\"Olive Grove\" \/>\n<meta property=\"article:modified_time\" content=\"2023-01-24T11:02:25+00:00\" \/>\n<meta name=\"twitter:label1\" content=\"Dur\u00e9e de lecture estim\u00e9e\" \/>\n\t<meta name=\"twitter:data1\" content=\"1 minute\" \/>\n<script type=\"application\/ld+json\" class=\"yoast-schema-graph\">{\"@context\":\"https:\/\/schema.org\",\"@graph\":[{\"@type\":\"WebPage\",\"@id\":\"https:\/\/www.olivegrove.gr\/fr\/qualite\/\",\"url\":\"https:\/\/www.olivegrove.gr\/fr\/qualite\/\",\"name\":\"Qualit\u00e9 - Notre entreprise est certifi\u00e9e avec les syst\u00e8mes...\",\"isPartOf\":{\"@id\":\"https:\/\/www.olivegrove.gr\/fr\/#website\"},\"datePublished\":\"2014-05-12T15:15:39+00:00\",\"dateModified\":\"2023-01-24T11:02:25+00:00\",\"description\":\"Qualit\u00e9. Notre entreprise est certifi\u00e9e avec les syst\u00e8mes de qualit\u00e9 suivants. Olive Grove. E. Kalamida & Co., Nea Moudania, Chalkidiki\",\"breadcrumb\":{\"@id\":\"https:\/\/www.olivegrove.gr\/fr\/qualite\/#breadcrumb\"},\"inLanguage\":\"fr-FR\",\"potentialAction\":[{\"@type\":\"ReadAction\",\"target\":[\"https:\/\/www.olivegrove.gr\/fr\/qualite\/\"]}]},{\"@type\":\"BreadcrumbList\",\"@id\":\"https:\/\/www.olivegrove.gr\/fr\/qualite\/#breadcrumb\",\"itemListElement\":[{\"@type\":\"ListItem\",\"position\":1,\"name\":\"Home\",\"item\":\"https:\/\/www.olivegrove.gr\/fr\/\"},{\"@type\":\"ListItem\",\"position\":2,\"name\":\"Qualit\u00e9\"}]},{\"@type\":\"WebSite\",\"@id\":\"https:\/\/www.olivegrove.gr\/fr\/#website\",\"url\":\"https:\/\/www.olivegrove.gr\/fr\/\",\"name\":\"Olive Grove\",\"description\":\"\",\"potentialAction\":[{\"@type\":\"SearchAction\",\"target\":{\"@type\":\"EntryPoint\",\"urlTemplate\":\"https:\/\/www.olivegrove.gr\/fr\/?s={search_term_string}\"},\"query-input\":{\"@type\":\"PropertyValueSpecification\",\"valueRequired\":true,\"valueName\":\"search_term_string\"}}],\"inLanguage\":\"fr-FR\"}]}<\/script>\n<!-- \/ Yoast SEO plugin. -->","yoast_head_json":{"title":"Qualit\u00e9 - Notre entreprise est certifi\u00e9e avec les syst\u00e8mes...","description":"Qualit\u00e9. Notre entreprise est certifi\u00e9e avec les syst\u00e8mes de qualit\u00e9 suivants. Olive Grove. E. Kalamida & Co., Nea Moudania, Chalkidiki","robots":{"index":"index","follow":"follow","max-snippet":"max-snippet:-1","max-image-preview":"max-image-preview:large","max-video-preview":"max-video-preview:-1"},"canonical":"https:\/\/www.olivegrove.gr\/fr\/qualite\/","og_locale":"fr_FR","og_type":"article","og_title":"Qualit\u00e9 - Notre entreprise est certifi\u00e9e avec les syst\u00e8mes...","og_description":"Qualit\u00e9. Notre entreprise est certifi\u00e9e avec les syst\u00e8mes de qualit\u00e9 suivants. Olive Grove. E. Kalamida & Co., Nea Moudania, Chalkidiki","og_url":"https:\/\/www.olivegrove.gr\/fr\/qualite\/","og_site_name":"Olive Grove","article_modified_time":"2023-01-24T11:02:25+00:00","twitter_misc":{"Dur\u00e9e de lecture estim\u00e9e":"1 minute"},"schema":{"@context":"https:\/\/schema.org","@graph":[{"@type":"WebPage","@id":"https:\/\/www.olivegrove.gr\/fr\/qualite\/","url":"https:\/\/www.olivegrove.gr\/fr\/qualite\/","name":"Qualit\u00e9 - Notre entreprise est certifi\u00e9e avec les syst\u00e8mes...","isPartOf":{"@id":"https:\/\/www.olivegrove.gr\/fr\/#website"},"datePublished":"2014-05-12T15:15:39+00:00","dateModified":"2023-01-24T11:02:25+00:00","description":"Qualit\u00e9. Notre entreprise est certifi\u00e9e avec les syst\u00e8mes de qualit\u00e9 suivants. Olive Grove. E. Kalamida & Co., Nea Moudania, Chalkidiki","breadcrumb":{"@id":"https:\/\/www.olivegrove.gr\/fr\/qualite\/#breadcrumb"},"inLanguage":"fr-FR","potentialAction":[{"@type":"ReadAction","target":["https:\/\/www.olivegrove.gr\/fr\/qualite\/"]}]},{"@type":"BreadcrumbList","@id":"https:\/\/www.olivegrove.gr\/fr\/qualite\/#breadcrumb","itemListElement":[{"@type":"ListItem","position":1,"name":"Home","item":"https:\/\/www.olivegrove.gr\/fr\/"},{"@type":"ListItem","position":2,"name":"Qualit\u00e9"}]},{"@type":"WebSite","@id":"https:\/\/www.olivegrove.gr\/fr\/#website","url":"https:\/\/www.olivegrove.gr\/fr\/","name":"Olive Grove","description":"","potentialAction":[{"@type":"SearchAction","target":{"@type":"EntryPoint","urlTemplate":"https:\/\/www.olivegrove.gr\/fr\/?s={search_term_string}"},"query-input":{"@type":"PropertyValueSpecification","valueRequired":true,"valueName":"search_term_string"}}],"inLanguage":"fr-FR"}]}},"_links":{"self":[{"href":"https:\/\/www.olivegrove.gr\/fr\/wp-json\/wp\/v2\/pages\/860","targetHints":{"allow":["GET"]}}],"collection":[{"href":"https:\/\/www.olivegrove.gr\/fr\/wp-json\/wp\/v2\/pages"}],"about":[{"href":"https:\/\/www.olivegrove.gr\/fr\/wp-json\/wp\/v2\/types\/page"}],"author":[{"embeddable":true,"href":"https:\/\/www.olivegrove.gr\/fr\/wp-json\/wp\/v2\/users\/1"}],"replies":[{"embeddable":true,"href":"https:\/\/www.olivegrove.gr\/fr\/wp-json\/wp\/v2\/comments?post=860"}],"version-history":[{"count":17,"href":"https:\/\/www.olivegrove.gr\/fr\/wp-json\/wp\/v2\/pages\/860\/revisions"}],"predecessor-version":[{"id":7734,"href":"https:\/\/www.olivegrove.gr\/fr\/wp-json\/wp\/v2\/pages\/860\/revisions\/7734"}],"wp:attachment":[{"href":"https:\/\/www.olivegrove.gr\/fr\/wp-json\/wp\/v2\/media?parent=860"}],"curies":[{"name":"wp","href":"https:\/\/api.w.org\/{rel}","templated":true}]}}