{"id":9089,"date":"2025-06-12T10:51:42","date_gmt":"2025-06-12T07:51:42","guid":{"rendered":"https:\/\/www.olivegrove.gr\/declaration-daccessibilite\/"},"modified":"2025-06-12T11:11:23","modified_gmt":"2025-06-12T08:11:23","slug":"accessibility-statement","status":"publish","type":"page","link":"https:\/\/www.olivegrove.gr\/fr\/accessibility-statement\/","title":{"rendered":"D\u00e9claration d&rsquo;accessibilit\u00e9"},"content":{"rendered":"<p>[et_pb_section fb_built=\u00a0\u00bb1&Prime; admin_label=\u00a0\u00bbsection\u00a0\u00bb _builder_version=\u00a0\u00bb4.16&Prime; global_colors_info=\u00a0\u00bb{}\u00a0\u00bb][et_pb_row admin_label=\u00a0\u00bbrow\u00a0\u00bb _builder_version=\u00a0\u00bb4.16&Prime; background_size=\u00a0\u00bbinitial\u00a0\u00bb background_position=\u00a0\u00bbtop_left\u00a0\u00bb background_repeat=\u00a0\u00bbrepeat\u00a0\u00bb global_colors_info=\u00a0\u00bb{}\u00a0\u00bb][et_pb_column type=\u00a0\u00bb4_4&Prime; _builder_version=\u00a0\u00bb4.16&Prime; custom_padding=\u00a0\u00bb|||\u00a0\u00bb global_colors_info=\u00a0\u00bb{}\u00a0\u00bb custom_padding__hover=\u00a0\u00bb|||\u00a0\u00bb][et_pb_text admin_label=\u00a0\u00bb\u0394\u03ae\u03bb\u03c9\u03c3\u03b7 \u03a0\u03c1\u03bf\u03c3\u03b2\u03b1\u03c3\u03b9\u03bc\u03cc\u03c4\u03b7\u03c4\u03b1\u03c2\u00a0\u00bb _builder_version=\u00a0\u00bb4.27.4&Prime; background_size=\u00a0\u00bbinitial\u00a0\u00bb background_position=\u00a0\u00bbtop_left\u00a0\u00bb background_repeat=\u00a0\u00bbrepeat\u00a0\u00bb use_border_color=\u00a0\u00bboff\u00a0\u00bb border_color=\u00a0\u00bb#ffffff\u00a0\u00bb border_style=\u00a0\u00bbsolid\u00a0\u00bb global_colors_info=\u00a0\u00bb{}\u00a0\u00bb]<\/p>\n<section>\n<h2>D\u00e9claration d&rsquo;accessibilit\u00e9<\/h2>\n<ul>\n<li>olivegrove.gr<\/li>\n<li><code>05\/04\/2026<\/code><\/li>\n<\/ul>\n<\/section>\n<p><\/p>\n<h3>\u00c9tat de conformit\u00e9<\/h3>\n<p><\/p>\n<p>Nous sommes convaincus qu&rsquo;Internet doit \u00eatre accessible \u00e0 tous, et nous nous engageons \u00e0 proposer un site web accessible au plus grand nombre, quelles que soient les circonstances ou les capacit\u00e9s.<\/p>\n<p><\/p>\n<p>Pour ce faire, nous nous effor\u00e7ons de respecter au mieux les R\u00e8gles pour l&rsquo;accessibilit\u00e9 des contenus web 2.1 (WCAG 2.1) du World Wide Web Consortium (W3C), niveau AA. Ces r\u00e8gles expliquent comment rendre le contenu web accessible aux personnes pr\u00e9sentant divers handicaps. Le respect de ces r\u00e8gles nous permet de garantir l&rsquo;accessibilit\u00e9 du site web \u00e0 tous\u00a0: personnes aveugles, \u00e0 mobilit\u00e9 r\u00e9duite, malvoyantes, handicap\u00e9es cognitives, etc.<\/p>\n<p><\/p>\n<p>Ce site web utilise diverses technologies pour le rendre aussi accessible que possible \u00e0 tout moment. Nous utilisons une interface d&rsquo;accessibilit\u00e9 qui permet aux personnes handicap\u00e9es de personnaliser l&rsquo;interface utilisateur du site web et de l&rsquo;adapter \u00e0 leurs besoins personnels.<\/p>\n<p><\/p>\n<p>De plus, le site web utilise une application bas\u00e9e sur l&rsquo;IA qui s&rsquo;ex\u00e9cute en arri\u00e8re-plan et optimise en permanence le niveau d&rsquo;accessibilit\u00e9. Cette application corrige le code HTML du site web et adapte ses fonctionnalit\u00e9s et son comportement aux lecteurs d&rsquo;\u00e9cran utilis\u00e9s par les utilisateurs aveugles et aux fonctions clavier utilis\u00e9es par les personnes \u00e0 mobilit\u00e9 r\u00e9duite.<\/p>\n<p><\/p>\n<p>Si vous avez d\u00e9tect\u00e9 un dysfonctionnement ou avez des suggestions d&rsquo;am\u00e9lioration, n&rsquo;h\u00e9sitez pas \u00e0 nous contacter. Vous pouvez contacter les exploitants du site web \u00e0 l&rsquo;adresse <a href=\"mailto:info@olivegrove.gr\">info@olivegrove.gr<\/a>.<\/p>\n<p><\/p>\n<h3>Lecteur d&rsquo;\u00e9cran et navigation au clavier<\/h3>\n<p><\/p>\n<p>Notre site web int\u00e8gre la technologie ARIA (Accessible Rich Internet Applications), ainsi que plusieurs modifications comportementales, afin que les utilisateurs aveugles utilisant un lecteur d&rsquo;\u00e9cran puissent lire, comprendre et profiter pleinement de ses fonctionnalit\u00e9s. D\u00e8s qu&rsquo;un utilisateur acc\u00e8de \u00e0 notre site, il est imm\u00e9diatement invit\u00e9 \u00e0 saisir son profil de lecteur d&rsquo;\u00e9cran afin de naviguer et d&rsquo;utiliser notre site efficacement. Voici comment notre site r\u00e9pond aux exigences les plus importantes des lecteurs d&rsquo;\u00e9cran, avec des captures d&rsquo;\u00e9cran d&rsquo;exemples de code:<\/p>\n<p><\/p>\n<ol>\n<li><strong>Optimisation du lecteur d&rsquo;\u00e9cran:<\/strong> Nous ex\u00e9cutons un processus en arri\u00e8re-plan qui apprend les \u00e9l\u00e9ments du site web de A \u00e0 Z afin de garantir une conformit\u00e9 continue, m\u00eame lors des mises \u00e0 jour. Ce processus fournit aux lecteurs d&rsquo;\u00e9cran des donn\u00e9es importantes gr\u00e2ce aux fonctionnalit\u00e9s ARIA. Par exemple, nous fournissons des libell\u00e9s de formulaire pr\u00e9cis, des descriptions d&rsquo;ic\u00f4nes d&rsquo;action (ic\u00f4nes de r\u00e9seaux sociaux, de recherche, de panier, etc.), des instructions de validation pour les saisies de formulaire, des r\u00f4les d&rsquo;\u00e9l\u00e9ments tels que les boutons, les menus, les bo\u00eetes de dialogue (pop-ups), etc. De plus, le processus en arri\u00e8re-plan analyse toutes les images du site web et fournit une description pr\u00e9cise et pertinente bas\u00e9e sur la reconnaissance des objets image comme balises ALT (texte alternatif) pour les images non d\u00e9crites. Il extrait \u00e9galement les textes int\u00e9gr\u00e9s \u00e0 l&rsquo;image gr\u00e2ce \u00e0 la technologie OCR (reconnaissance optique de caract\u00e8res). Pour activer les personnalisations du lecteur d&rsquo;\u00e9cran \u00e0 tout moment, il suffit aux utilisateurs d&rsquo;appuyer sur le raccourci clavier Alt+1. Les utilisateurs re\u00e7oivent \u00e9galement des notifications automatiques pour activer la fonctionnalit\u00e9 d\u00e8s leur connexion au site. Ces personnalisations sont compatibles avec tous les lecteurs d&rsquo;\u00e9cran courants, y compris JAWS et NVDA.<\/li>\n<li><strong>Optimisation de la navigation au clavier:<\/strong> Le processus d&rsquo;arri\u00e8re-plan personnalise \u00e9galement le code HTML du site et ajoute divers comportements via du code JavaScript pour faciliter son utilisation au clavier. Il permet notamment de naviguer sur le site avec les touches Tab et Maj+Tab, de manipuler les fen\u00eatres d\u00e9roulantes avec les touches fl\u00e9ch\u00e9es, de les fermer avec la touche \u00c9chap, d&rsquo;activer les boutons et les liens avec la touche Entr\u00e9e, de naviguer entre les options et les cases \u00e0 cocher avec les touches fl\u00e9ch\u00e9es, et de les valider avec la barre d&rsquo;espace ou la touche Entr\u00e9e. De plus, les utilisateurs du clavier peuvent acc\u00e9der au menu et au contenu du clavier \u00e0 tout moment en appuyant sur Alt+1 ou en tant que premiers \u00e9l\u00e9ments du site lors de la navigation au clavier. Le processus d&rsquo;arri\u00e8re-plan g\u00e8re \u00e9galement les fen\u00eatres contextuelles activ\u00e9es en d\u00e9pla\u00e7ant le focus clavier dessus d\u00e8s leur apparition et en emp\u00eachant le focus de se d\u00e9placer en dehors. Les utilisateurs peuvent \u00e9galement utiliser des raccourcis tels que \u00ab M \u00bb (menus), \u00ab H \u00bb (titres), \u00ab F \u00bb (formulaires), \u00ab B \u00bb (boutons) et \u00ab G \u00bb (graphiques) pour acc\u00e9der directement \u00e0 des \u00e9l\u00e9ments sp\u00e9cifiques.<\/li>\n<\/ol>\n<p><\/p>\n<h3>Profils de handicap pris en charge sur notre site Web<\/h3>\n<p><\/p>\n<ul>\n<li><strong>Mode \u00c9pilepsie S\u00e9curis\u00e9:<\/strong> Ce profil permet aux personnes \u00e9pileptiques d&rsquo;utiliser le site en toute s\u00e9curit\u00e9, \u00e9liminant ainsi le risque de crises d&rsquo;\u00e9pilepsie d\u00fb aux animations clignotantes et aux combinaisons de couleurs dangereuses.<\/li>\n<li><strong>Mode Malvoyant:<\/strong> Ce mode adapte le site pour faciliter la navigation des utilisateurs souffrant de probl\u00e8mes de vision, tels que la basse vision, la vision tunnel, la cataracte, le glaucome, etc.<\/li>\n<li><strong>Mode Handicap Cognitif:<\/strong> Ce mode offre diverses options d&rsquo;assistance pour aider les utilisateurs souffrant de troubles cognitifs tels que la dyslexie, l&rsquo;autisme, l&rsquo;AVC, etc., \u00e0 se concentrer plus facilement sur les \u00e9l\u00e9ments cl\u00e9s du site.<\/li>\n<li><strong>Mode TDAH:<\/strong> Ce mode aide les utilisateurs atteints de TDAH et de troubles neurod\u00e9veloppementaux \u00e0 lire, naviguer et se concentrer sur les principaux \u00e9l\u00e9ments du site plus facilement, tout en r\u00e9duisant consid\u00e9rablement les distractions.<\/li>\n<li><strong>Mode Aveugle:<\/strong> Ce mode configure le site web pour qu&rsquo;il soit compatible avec les lecteurs d&rsquo;\u00e9cran tels que JAWS, NVDA, VoiceOver et TalkBack. Un lecteur d&rsquo;\u00e9cran est un logiciel destin\u00e9 aux utilisateurs aveugles, install\u00e9 sur les ordinateurs et les smartphones, et les sites web doivent \u00eatre compatibles avec celui-ci.<\/li>\n<li><strong>Profil de navigation au clavier (avec d\u00e9ficiences motrices):<\/strong> Ce profil permet aux personnes handicap\u00e9es motrices de naviguer sur le site web \u00e0 l&rsquo;aide des touches Tab, Maj+Tab et Entr\u00e9e du clavier. Les utilisateurs peuvent \u00e9galement utiliser des raccourcis tels que \u00ab M \u00bb (menus), \u00ab H \u00bb (titres), \u00ab F \u00bb (formulaires), \u00ab B \u00bb (boutons) et \u00ab G \u00bb (graphiques) pour acc\u00e9der \u00e0 des \u00e9l\u00e9ments sp\u00e9cifiques.<\/li>\n<\/ul>\n<p><\/p>\n<h3>Personnalisations suppl\u00e9mentaires de l&rsquo;interface utilisateur, de la conception et de la lisibilit\u00e9<\/h3>\n<p><\/p>\n<ol>\n<li>\n<p><strong>R\u00e9glages de police<\/strong> &#8211; les utilisateurs peuvent augmenter et diminuer la taille des polices, modifier la famille de polices (type de caract\u00e8res), ajuster l&rsquo;espacement, l&rsquo;alignement, la hauteur des lignes, etc.<\/p>\n<\/li>\n<li>\n<p><strong>Param\u00e8tres de couleur <\/strong>&#8211;\u00a0les utilisateurs peuvent choisir parmi une vari\u00e9t\u00e9 de profils de contraste, notamment clair, fonc\u00e9, invers\u00e9 et monochrome. De plus, les utilisateurs peuvent changer de palette de couleurs pour les titres, le texte et les arri\u00e8re-plans, avec plus de sept options de couleurs diff\u00e9rentes.<\/p>\n<\/li>\n<li>\n<p><strong>Animations<\/strong> &#8211; une personne \u00e9pileptique peut arr\u00eater toutes les animations en cours d&rsquo;un simple clic. Les animations contr\u00f4l\u00e9es par l&rsquo;interface incluent les vid\u00e9os, les GIF et les transitions CSS clignotantes.<\/p>\n<\/li>\n<li>\n<p><strong>Surlignage du contenu<\/strong> &#8211;\u00a0 les utilisateurs peuvent choisir de mettre en valeur les \u00e9l\u00e9ments importants, tels que les liens et les titres. Ils peuvent \u00e9galement choisir de ne mettre en \u00e9vidence que les \u00e9l\u00e9ments cibl\u00e9s ou survol\u00e9s.<\/p>\n<\/li>\n<li>\n<p><strong>D\u00e9sactiver le son<\/strong> &#8211; les utilisateurs portant des appareils auditifs peuvent ressentir des maux de t\u00eate ou d&rsquo;autres probl\u00e8mes li\u00e9s \u00e0 la lecture automatique du son. Cette option permet de d\u00e9sactiver imm\u00e9diatement le son de l&rsquo;ensemble du site.<\/p>\n<\/li>\n<li>\n<p><strong>Troubles cognitifs<\/strong> \u2013 Nous utilisons un moteur de recherche connect\u00e9 \u00e0 Wikip\u00e9dia et au Wiktionnaire, permettant aux personnes souffrant de troubles cognitifs de d\u00e9chiffrer le sens des phrases, des initiales, de l&rsquo;argot, etc.<\/p>\n<p>&nbsp;<\/p>\n<\/li>\n<li>\n<p><strong>Fonctionnalit\u00e9s suppl\u00e9mentaires<\/strong> \u2013 Nous offrons aux utilisateurs la possibilit\u00e9 de modifier la couleur et la taille du curseur, d&rsquo;utiliser la fonction d&rsquo;impression, d&rsquo;activer un clavier virtuel et bien d&rsquo;autres fonctionnalit\u00e9s.<\/p>\n<\/li>\n<\/ol>\n<p><\/p>\n<h3>Compatibilit\u00e9 du navigateur et des technologies d&rsquo;assistance<\/h3>\n<p><\/p>\n<p>Notre objectif est de prendre en charge la plus large gamme possible de navigateurs et de technologies d&rsquo;assistance, afin que nos utilisateurs puissent choisir les outils qui leur conviennent le mieux, avec le moins de restrictions possible. C&rsquo;est pourquoi nous avons d\u00e9ploy\u00e9 des efforts consid\u00e9rables pour prendre en charge tous les principaux syst\u00e8mes, qui repr\u00e9sentent plus de 95 % du march\u00e9, notamment Google Chrome, Mozilla Firefox, Apple Safari, Opera, Microsoft Edge, JAWS et NVDA (lecteurs d&rsquo;\u00e9cran).<\/p>\n<p><\/p>\n<h3>Notes, commentaires et observations<\/h3>\n<p><\/p>\n<p>Malgr\u00e9 tous nos efforts pour permettre \u00e0 chacun d&rsquo;adapter le site web \u00e0 ses besoins, certaines pages ou sections peuvent encore ne pas \u00eatre enti\u00e8rement accessibles, \u00eatre en cours d&rsquo;acc\u00e8s ou ne pas b\u00e9n\u00e9ficier d&rsquo;une solution technologique ad\u00e9quate. Cependant, nous am\u00e9liorons constamment notre accessibilit\u00e9 en ajoutant, mettant \u00e0 jour et am\u00e9liorant ses options et fonctionnalit\u00e9s, et en d\u00e9veloppant et adoptant de nouvelles technologies. Tout cela vise \u00e0 atteindre un niveau d&rsquo;accessibilit\u00e9 optimal, en suivant les \u00e9volutions technologiques. Pour toute assistance, veuillez contacter <a href=\"mailto:info@olivegrove.gr\">info@olivegrove.gr<\/a>.<\/p>\n<p>[\/et_pb_text][\/et_pb_column][\/et_pb_row][\/et_pb_section]<\/p>\n","protected":false},"excerpt":{"rendered":"<p>D\u00e9claration d&rsquo;accessibilit\u00e9 olivegrove.gr 05\/04\/2026 \u00c9tat de conformit\u00e9Nous sommes convaincus qu&rsquo;Internet doit \u00eatre accessible \u00e0 tous, et nous nous engageons \u00e0 proposer un site web accessible au plus grand nombre, quelles que soient les circonstances ou les capacit\u00e9s.Pour ce faire, nous nous effor\u00e7ons de respecter au mieux les R\u00e8gles pour l&rsquo;accessibilit\u00e9 des contenus web 2.1 (WCAG [&hellip;]<\/p>\n","protected":false},"author":1,"featured_media":0,"parent":0,"menu_order":0,"comment_status":"closed","ping_status":"closed","template":"","meta":{"_et_pb_use_builder":"on","_et_pb_old_content":"","_et_gb_content_width":"","footnotes":""},"class_list":["post-9089","page","type-page","status-publish","hentry"],"yoast_head":"<!-- This site is optimized with the Yoast SEO plugin v27.2 - https:\/\/yoast.com\/product\/yoast-seo-wordpress\/ -->\n<title>D\u00e9claration d&#039;accessibilit\u00e9 - Olive Grove<\/title>\n<meta name=\"description\" content=\"Nous croyons fermement qu&#039;Internet devrait \u00eatre disponible et accessible \u00e0 tous et nous nous engageons \u00e0 fournir un...\" \/>\n<meta name=\"robots\" content=\"index, follow, max-snippet:-1, max-image-preview:large, max-video-preview:-1\" \/>\n<link rel=\"canonical\" href=\"https:\/\/www.olivegrove.gr\/fr\/accessibility-statement\/\" \/>\n<meta property=\"og:locale\" content=\"fr_FR\" \/>\n<meta property=\"og:type\" content=\"article\" \/>\n<meta property=\"og:title\" content=\"D\u00e9claration d&#039;accessibilit\u00e9 - Olive Grove\" \/>\n<meta property=\"og:description\" content=\"Nous croyons fermement qu&#039;Internet devrait \u00eatre disponible et accessible \u00e0 tous et nous nous engageons \u00e0 fournir un...\" \/>\n<meta property=\"og:url\" content=\"https:\/\/www.olivegrove.gr\/fr\/accessibility-statement\/\" \/>\n<meta property=\"og:site_name\" content=\"Olive Grove\" \/>\n<meta property=\"article:modified_time\" content=\"2025-06-12T08:11:23+00:00\" \/>\n<meta name=\"twitter:label1\" content=\"Dur\u00e9e de lecture estim\u00e9e\" \/>\n\t<meta name=\"twitter:data1\" content=\"8 minutes\" \/>\n<script type=\"application\/ld+json\" class=\"yoast-schema-graph\">{\"@context\":\"https:\/\/schema.org\",\"@graph\":[{\"@type\":\"WebPage\",\"@id\":\"https:\/\/www.olivegrove.gr\/fr\/accessibility-statement\/\",\"url\":\"https:\/\/www.olivegrove.gr\/fr\/accessibility-statement\/\",\"name\":\"D\u00e9claration d'accessibilit\u00e9 - Olive Grove\",\"isPartOf\":{\"@id\":\"https:\/\/www.olivegrove.gr\/fr\/#website\"},\"datePublished\":\"2025-06-12T07:51:42+00:00\",\"dateModified\":\"2025-06-12T08:11:23+00:00\",\"description\":\"Nous croyons fermement qu'Internet devrait \u00eatre disponible et accessible \u00e0 tous et nous nous engageons \u00e0 fournir un...\",\"breadcrumb\":{\"@id\":\"https:\/\/www.olivegrove.gr\/fr\/accessibility-statement\/#breadcrumb\"},\"inLanguage\":\"fr-FR\",\"potentialAction\":[{\"@type\":\"ReadAction\",\"target\":[\"https:\/\/www.olivegrove.gr\/fr\/accessibility-statement\/\"]}]},{\"@type\":\"BreadcrumbList\",\"@id\":\"https:\/\/www.olivegrove.gr\/fr\/accessibility-statement\/#breadcrumb\",\"itemListElement\":[{\"@type\":\"ListItem\",\"position\":1,\"name\":\"Home\",\"item\":\"https:\/\/www.olivegrove.gr\/fr\/\"},{\"@type\":\"ListItem\",\"position\":2,\"name\":\"D\u00e9claration d&#8217;accessibilit\u00e9\"}]},{\"@type\":\"WebSite\",\"@id\":\"https:\/\/www.olivegrove.gr\/fr\/#website\",\"url\":\"https:\/\/www.olivegrove.gr\/fr\/\",\"name\":\"Olive Grove\",\"description\":\"\",\"potentialAction\":[{\"@type\":\"SearchAction\",\"target\":{\"@type\":\"EntryPoint\",\"urlTemplate\":\"https:\/\/www.olivegrove.gr\/fr\/?s={search_term_string}\"},\"query-input\":{\"@type\":\"PropertyValueSpecification\",\"valueRequired\":true,\"valueName\":\"search_term_string\"}}],\"inLanguage\":\"fr-FR\"}]}<\/script>\n<!-- \/ Yoast SEO plugin. -->","yoast_head_json":{"title":"D\u00e9claration d'accessibilit\u00e9 - Olive Grove","description":"Nous croyons fermement qu'Internet devrait \u00eatre disponible et accessible \u00e0 tous et nous nous engageons \u00e0 fournir un...","robots":{"index":"index","follow":"follow","max-snippet":"max-snippet:-1","max-image-preview":"max-image-preview:large","max-video-preview":"max-video-preview:-1"},"canonical":"https:\/\/www.olivegrove.gr\/fr\/accessibility-statement\/","og_locale":"fr_FR","og_type":"article","og_title":"D\u00e9claration d'accessibilit\u00e9 - Olive Grove","og_description":"Nous croyons fermement qu'Internet devrait \u00eatre disponible et accessible \u00e0 tous et nous nous engageons \u00e0 fournir un...","og_url":"https:\/\/www.olivegrove.gr\/fr\/accessibility-statement\/","og_site_name":"Olive Grove","article_modified_time":"2025-06-12T08:11:23+00:00","twitter_misc":{"Dur\u00e9e de lecture estim\u00e9e":"8 minutes"},"schema":{"@context":"https:\/\/schema.org","@graph":[{"@type":"WebPage","@id":"https:\/\/www.olivegrove.gr\/fr\/accessibility-statement\/","url":"https:\/\/www.olivegrove.gr\/fr\/accessibility-statement\/","name":"D\u00e9claration d'accessibilit\u00e9 - Olive Grove","isPartOf":{"@id":"https:\/\/www.olivegrove.gr\/fr\/#website"},"datePublished":"2025-06-12T07:51:42+00:00","dateModified":"2025-06-12T08:11:23+00:00","description":"Nous croyons fermement qu'Internet devrait \u00eatre disponible et accessible \u00e0 tous et nous nous engageons \u00e0 fournir un...","breadcrumb":{"@id":"https:\/\/www.olivegrove.gr\/fr\/accessibility-statement\/#breadcrumb"},"inLanguage":"fr-FR","potentialAction":[{"@type":"ReadAction","target":["https:\/\/www.olivegrove.gr\/fr\/accessibility-statement\/"]}]},{"@type":"BreadcrumbList","@id":"https:\/\/www.olivegrove.gr\/fr\/accessibility-statement\/#breadcrumb","itemListElement":[{"@type":"ListItem","position":1,"name":"Home","item":"https:\/\/www.olivegrove.gr\/fr\/"},{"@type":"ListItem","position":2,"name":"D\u00e9claration d&#8217;accessibilit\u00e9"}]},{"@type":"WebSite","@id":"https:\/\/www.olivegrove.gr\/fr\/#website","url":"https:\/\/www.olivegrove.gr\/fr\/","name":"Olive Grove","description":"","potentialAction":[{"@type":"SearchAction","target":{"@type":"EntryPoint","urlTemplate":"https:\/\/www.olivegrove.gr\/fr\/?s={search_term_string}"},"query-input":{"@type":"PropertyValueSpecification","valueRequired":true,"valueName":"search_term_string"}}],"inLanguage":"fr-FR"}]}},"_links":{"self":[{"href":"https:\/\/www.olivegrove.gr\/fr\/wp-json\/wp\/v2\/pages\/9089","targetHints":{"allow":["GET"]}}],"collection":[{"href":"https:\/\/www.olivegrove.gr\/fr\/wp-json\/wp\/v2\/pages"}],"about":[{"href":"https:\/\/www.olivegrove.gr\/fr\/wp-json\/wp\/v2\/types\/page"}],"author":[{"embeddable":true,"href":"https:\/\/www.olivegrove.gr\/fr\/wp-json\/wp\/v2\/users\/1"}],"replies":[{"embeddable":true,"href":"https:\/\/www.olivegrove.gr\/fr\/wp-json\/wp\/v2\/comments?post=9089"}],"version-history":[{"count":4,"href":"https:\/\/www.olivegrove.gr\/fr\/wp-json\/wp\/v2\/pages\/9089\/revisions"}],"predecessor-version":[{"id":9095,"href":"https:\/\/www.olivegrove.gr\/fr\/wp-json\/wp\/v2\/pages\/9089\/revisions\/9095"}],"wp:attachment":[{"href":"https:\/\/www.olivegrove.gr\/fr\/wp-json\/wp\/v2\/media?parent=9089"}],"curies":[{"name":"wp","href":"https:\/\/api.w.org\/{rel}","templated":true}]}}